{"id":13059,"date":"2023-01-18T18:55:42","date_gmt":"2023-01-18T16:55:42","guid":{"rendered":"https:\/\/dev.zezz.ee\/garden\/toode\/carpinus-betulus-orange-retz\/"},"modified":"2023-03-13T17:09:26","modified_gmt":"2023-03-13T15:09:26","slug":"carpinus-betulus-orange-retz","status":"publish","type":"product","link":"https:\/\/dev.garden.ee\/en\/product\/carpinus-betulus-orange-retz\/","title":{"rendered":"Carpinus betulus &#8216;Orange Retz&#8217;"},"content":{"rendered":"<input class=\"fooboxshare_post_id\" type=\"hidden\" value=\"13059\"\/>","protected":false},"excerpt":{"rendered":"<p>Kevadised noored lehed on pronksjad, suvine lehestik aga laimiroheline. S\u00fcgisv\u00e4rv j\u00e4llegi erakordselt kaunis ning \u00fcsnagi unikaalne tuline oran\u017e, mis p\u00fcsib n\u00e4dalaid. J\u00f5ulise kasvuga, v\u00e4ga hea harunemisega, koonilise, p\u00fcramiidja vormiga, ideaalne hekitaim. V\u00e4ga vastupidav ning lihtsasti hooldatav taim. Aretaja J. Blondeau, Prantsusmaa enne 2000.<\/p>\n<p>&nbsp;<\/p>","protected":false},"featured_media":13060,"template":"","meta":[],"product_brand":[],"product_cat":[4403,4395,4406,4396,22],"product_tag":[],"class_list":{"0":"post-13059","1":"product","2":"type-product","3":"status-publish","4":"has-post-thumbnail","6":"product_cat-kodu","7":"product_cat-hekid","8":"product_cat-park","9":"product_cat-puud-ja-poosad","10":"product_cat-taimed","11":"pa_moodud-k-5-m-l-5-m","12":"pa_oie-varv-kollane","13":"pa_oitsemise-aeg-mai","14":"pa_variatsioon-h-100-120-cm","15":"pa_variatsioon-h-120-150-cm","17":"first","18":"outofstock","19":"product-type-variable"},"acf":[],"_links":{"self":[{"href":"https:\/\/dev.garden.ee\/en\/wp-json\/wp\/v2\/product\/13059","targetHints":{"allow":["GET"]}}],"collection":[{"href":"https:\/\/dev.garden.ee\/en\/wp-json\/wp\/v2\/product"}],"about":[{"href":"https:\/\/dev.garden.ee\/en\/wp-json\/wp\/v2\/types\/product"}],"wp:featuredmedia":[{"embeddable":true,"href":"https:\/\/dev.garden.ee\/en\/wp-json\/wp\/v2\/media\/13060"}],"wp:attachment":[{"href":"https:\/\/dev.garden.ee\/en\/wp-json\/wp\/v2\/media?parent=13059"}],"wp:term":[{"taxonomy":"product_brand","embeddable":true,"href":"https:\/\/dev.garden.ee\/en\/wp-json\/wp\/v2\/product_brand?post=13059"},{"taxonomy":"product_cat","embeddable":true,"href":"https:\/\/dev.garden.ee\/en\/wp-json\/wp\/v2\/product_cat?post=13059"},{"taxonomy":"product_tag","embeddable":true,"href":"https:\/\/dev.garden.ee\/en\/wp-json\/wp\/v2\/product_tag?post=13059"}],"curies":[{"name":"wp","href":"https:\/\/api.w.org\/{rel}","templated":true}]}}