{"id":13051,"date":"2023-01-18T18:55:37","date_gmt":"2023-01-18T16:55:37","guid":{"rendered":"https:\/\/dev.zezz.ee\/garden\/toode\/calluna-vulgaris-melanie\/"},"modified":"2023-03-08T15:33:59","modified_gmt":"2023-03-08T13:33:59","slug":"calluna-vulgaris-melanie","status":"publish","type":"product","link":"https:\/\/dev.garden.ee\/en\/product\/calluna-vulgaris-melanie\/","title":{"rendered":"Calluna vulgaris &#8216;Melanie&#8217;"},"content":{"rendered":"<input class=\"fooboxshare_post_id\" type=\"hidden\" value=\"13051\"\/>","protected":false},"excerpt":{"rendered":"<p>S\u00e4ravvalged \u00f5ied. Ilus heleroheline lehestik. Kompaktse vormiga. Suurep\u00e4rase k\u00fclmakindlusega. Aretajaks\u00a0K. Kramer (D) 1991.<\/p>\n<p>Hooldusinfo: Peale \u00f5itsemist l\u00f5ika maha, et s\u00e4ilitada ilus vorm. V\u00e4ga kuivadel perioodidel teha lisakastmist.<\/p>","protected":false},"featured_media":13052,"template":"","meta":[],"product_brand":[],"product_cat":[4403,6934,4406,9200,4396,4412,22],"product_tag":[],"class_list":{"0":"post-13051","1":"product","2":"type-product","3":"status-publish","4":"has-post-thumbnail","6":"product_cat-kodu","7":"product_cat-mesilassobralik-aed","8":"product_cat-park","9":"product_cat-pinnakatjad","10":"product_cat-puud-ja-poosad","11":"product_cat-varjuaed","12":"product_cat-taimed","13":"pa_moodud-k-30-cm-l-40-cm","14":"pa_oie-varv-valge","15":"pa_oitsemise-aeg-august-september","16":"pa_variatsioon-suurem-pott","17":"pa_variatsioon-vaike-pott","19":"first","20":"instock","21":"purchasable","22":"product-type-variable"},"acf":[],"_links":{"self":[{"href":"https:\/\/dev.garden.ee\/en\/wp-json\/wp\/v2\/product\/13051","targetHints":{"allow":["GET"]}}],"collection":[{"href":"https:\/\/dev.garden.ee\/en\/wp-json\/wp\/v2\/product"}],"about":[{"href":"https:\/\/dev.garden.ee\/en\/wp-json\/wp\/v2\/types\/product"}],"wp:featuredmedia":[{"embeddable":true,"href":"https:\/\/dev.garden.ee\/en\/wp-json\/wp\/v2\/media\/13052"}],"wp:attachment":[{"href":"https:\/\/dev.garden.ee\/en\/wp-json\/wp\/v2\/media?parent=13051"}],"wp:term":[{"taxonomy":"product_brand","embeddable":true,"href":"https:\/\/dev.garden.ee\/en\/wp-json\/wp\/v2\/product_brand?post=13051"},{"taxonomy":"product_cat","embeddable":true,"href":"https:\/\/dev.garden.ee\/en\/wp-json\/wp\/v2\/product_cat?post=13051"},{"taxonomy":"product_tag","embeddable":true,"href":"https:\/\/dev.garden.ee\/en\/wp-json\/wp\/v2\/product_tag?post=13051"}],"curies":[{"name":"wp","href":"https:\/\/api.w.org\/{rel}","templated":true}]}}