{"id":13043,"date":"2023-01-18T18:55:33","date_gmt":"2023-01-18T16:55:33","guid":{"rendered":"https:\/\/dev.zezz.ee\/garden\/toode\/azalea-mollis-lingot-dor-uus\/"},"modified":"2023-03-03T13:21:42","modified_gmt":"2023-03-03T11:21:42","slug":"azalea-mollis-lingot-dor-uus","status":"publish","type":"product","link":"https:\/\/dev.garden.ee\/en\/product\/azalea-mollis-lingot-dor-uus\/","title":{"rendered":"Azalea mollis &#8216;Lingot d&#8217;Or&#8217;"},"content":{"rendered":"<input class=\"fooboxshare_post_id\" type=\"hidden\" value=\"13043\"\/>","protected":false},"excerpt":{"rendered":"<p>Suured s\u00fcgavkollased l\u00f5hnavad \u00f5ied. S\u00fcgisel kaunis lillakas lehestik. P\u00fcstine, j\u00f5ulise kasvuga ning kompaktse vormiga.<\/p>\n<p>&nbsp;<\/p>","protected":false},"featured_media":13044,"template":"","meta":[],"product_brand":[],"product_cat":[4403,4396,4408,4412,22],"product_tag":[],"class_list":{"0":"post-13043","1":"product","2":"type-product","3":"status-publish","4":"has-post-thumbnail","6":"product_cat-kodu","7":"product_cat-puud-ja-poosad","8":"product_cat-vaike-aed","9":"product_cat-varjuaed","10":"product_cat-taimed","11":"pa_moodud-k-15-m-l-15-m","12":"pa_oie-varv-kollane","13":"pa_oitsemise-aeg-mai","14":"pa_variatsioon-poosas-h-60-80-cm","16":"first","17":"outofstock","18":"product-type-variable"},"acf":[],"_links":{"self":[{"href":"https:\/\/dev.garden.ee\/en\/wp-json\/wp\/v2\/product\/13043","targetHints":{"allow":["GET"]}}],"collection":[{"href":"https:\/\/dev.garden.ee\/en\/wp-json\/wp\/v2\/product"}],"about":[{"href":"https:\/\/dev.garden.ee\/en\/wp-json\/wp\/v2\/types\/product"}],"wp:featuredmedia":[{"embeddable":true,"href":"https:\/\/dev.garden.ee\/en\/wp-json\/wp\/v2\/media\/13044"}],"wp:attachment":[{"href":"https:\/\/dev.garden.ee\/en\/wp-json\/wp\/v2\/media?parent=13043"}],"wp:term":[{"taxonomy":"product_brand","embeddable":true,"href":"https:\/\/dev.garden.ee\/en\/wp-json\/wp\/v2\/product_brand?post=13043"},{"taxonomy":"product_cat","embeddable":true,"href":"https:\/\/dev.garden.ee\/en\/wp-json\/wp\/v2\/product_cat?post=13043"},{"taxonomy":"product_tag","embeddable":true,"href":"https:\/\/dev.garden.ee\/en\/wp-json\/wp\/v2\/product_tag?post=13043"}],"curies":[{"name":"wp","href":"https:\/\/api.w.org\/{rel}","templated":true}]}}