{"id":13031,"date":"2023-01-18T18:55:26","date_gmt":"2023-01-18T16:55:26","guid":{"rendered":"https:\/\/dev.zezz.ee\/garden\/toode\/geum-tempo-rose\/"},"modified":"2026-02-24T14:31:13","modified_gmt":"2026-02-24T12:31:13","slug":"geum-tempo-rose","status":"publish","type":"product","link":"https:\/\/dev.garden.ee\/en\/product\/geum-tempo-rose\/","title":{"rendered":"Geum &#8216;Tempo Rose&#8217;"},"content":{"rendered":"<input class=\"fooboxshare_post_id\" type=\"hidden\" value=\"13031\"\/>","protected":false},"excerpt":{"rendered":"<p>Kroonlehed on heleroosad, millel tumeroosa veenistus &#8211; seet\u00f5ttu l\u00e4hemalt uurides on \u00f5ied kui sulgjad. Kaunite tumedate varte ja roosade pool-t\u00e4idis\u00f5itega m\u00f5\u00f5l on tubli varane \u00f5itseja. Hea vastupidavusega. Sobib p\u00e4ikseline kuni poolvarjuline parasniiske v\u00f5i niiske kasvukoht. Efektne kui istudada suurema grupina. Kompaktne puhmikuline.<\/p>","protected":false},"featured_media":13032,"template":"","meta":[],"product_brand":[],"product_cat":[4415,6934,4401,4409,4392,22],"product_tag":[],"class_list":{"0":"post-13031","1":"product","2":"type-product","3":"status-publish","4":"has-post-thumbnail","6":"product_cat-lilleaed","7":"product_cat-mesilassobralik-aed","8":"product_cat-pusikud","9":"product_cat-tiigiaed","10":"product_cat-tiigitaimed","11":"product_cat-taimed","12":"pa_moodud-k-50-cm-l-35-cm","13":"pa_oie-varv-roosa","14":"pa_oitsemise-aeg-mai-juuni","15":"pa_tsoon-5-9","16":"pa_variatsioon-suurem-pott","17":"pa_variatsioon-vaiksem-pott","19":"first","20":"instock","21":"purchasable","22":"product-type-variable"},"acf":[],"_links":{"self":[{"href":"https:\/\/dev.garden.ee\/en\/wp-json\/wp\/v2\/product\/13031","targetHints":{"allow":["GET"]}}],"collection":[{"href":"https:\/\/dev.garden.ee\/en\/wp-json\/wp\/v2\/product"}],"about":[{"href":"https:\/\/dev.garden.ee\/en\/wp-json\/wp\/v2\/types\/product"}],"wp:featuredmedia":[{"embeddable":true,"href":"https:\/\/dev.garden.ee\/en\/wp-json\/wp\/v2\/media\/13032"}],"wp:attachment":[{"href":"https:\/\/dev.garden.ee\/en\/wp-json\/wp\/v2\/media?parent=13031"}],"wp:term":[{"taxonomy":"product_brand","embeddable":true,"href":"https:\/\/dev.garden.ee\/en\/wp-json\/wp\/v2\/product_brand?post=13031"},{"taxonomy":"product_cat","embeddable":true,"href":"https:\/\/dev.garden.ee\/en\/wp-json\/wp\/v2\/product_cat?post=13031"},{"taxonomy":"product_tag","embeddable":true,"href":"https:\/\/dev.garden.ee\/en\/wp-json\/wp\/v2\/product_tag?post=13031"}],"curies":[{"name":"wp","href":"https:\/\/api.w.org\/{rel}","templated":true}]}}