{"id":13025,"date":"2023-01-18T18:55:21","date_gmt":"2023-01-18T16:55:21","guid":{"rendered":"https:\/\/dev.zezz.ee\/garden\/toode\/hosta-el-nino\/"},"modified":"2026-02-27T14:03:56","modified_gmt":"2026-02-27T12:03:56","slug":"hosta-el-nino","status":"publish","type":"product","link":"https:\/\/dev.garden.ee\/en\/product\/hosta-el-nino\/","title":{"rendered":"Hosta &#8216;El Nino&#8217;"},"content":{"rendered":"<input class=\"fooboxshare_post_id\" type=\"hidden\" value=\"13025\"\/>","protected":false},"excerpt":{"rendered":"<p>Sinakas-rohelised valge servaga lehed. Hostad armastavad poolvarjulist kasvukohta rammusama, niiske mullaga, kuid nad ei talu maapinnal seisvat vett. Kui kasvukoht on \u00fcsnagi varjuline, siis sobiks valida \u00fchev\u00e4rvilise lehestikuga hostad. P\u00e4ikselisemasse paika on \u00f5igem istutada kirjulehelisi sorte. Hommikup\u00e4ike on oluline kirjulehiste sortide v\u00e4rvuse s\u00e4ilimisel. Nad on v\u00e4hen\u00f5udlikud ja k\u00fcllaltki talvekindlad p\u00fcsililled, mis kasvavad h\u00e4sti haritud, v\u00e4etatud ja parasniiskel neutraalsel v\u00f5i n\u00f5rgalt happelisel aiamullal. Kuival liivmullal v\u00f5ivad j\u00e4\u00e4da kiduraks.\u00a0 Hostad on v\u00e4ga pikaealised, soodsate tingimuste korral v\u00f5ivad samal kohal kasvada aastak\u00fcmneid. Nad sobivad h\u00e4sti nii p\u00fcsilillepeenardesse kui ka haljasaladele, murudesse ja mitmesugustele istutusaladele kas \u00fcksikp\u00f5\u00f5saste v\u00f5i r\u00fchmadena. Lisaks sobivad hostad linnakeskkonda, kuna kannatavad h\u00e4sti ka autode heitgaase. Hostad on t\u00e4nu oma dekoratiivsetele lehtedele ning liiliasarnaste \u00f5itega toredaks lisandiks lillekimpudele ja lilleseadetele. \u00d5ied s\u00e4ilivad vaasis kaua.<\/p>","protected":false},"featured_media":13026,"template":"","meta":[],"product_brand":[],"product_cat":[4406,4401,4412,22],"product_tag":[],"class_list":{"0":"post-13025","1":"product","2":"type-product","3":"status-publish","4":"has-post-thumbnail","6":"product_cat-park","7":"product_cat-pusikud","8":"product_cat-varjuaed","9":"product_cat-taimed","10":"pa_haiguskindlus-vaga-hea","11":"pa_moodud-k-40-45-cm-l-75-cm","12":"pa_oie-varv-lilla","13":"pa_oitsemise-aeg-juuli","14":"pa_talvekindlus-vaga-hea","15":"pa_tsoon-3-9","16":"pa_variatsioon-suurem-pott","17":"pa_variatsioon-vaiksem-pott","19":"first","20":"instock","21":"purchasable","22":"product-type-variable"},"acf":[],"_links":{"self":[{"href":"https:\/\/dev.garden.ee\/en\/wp-json\/wp\/v2\/product\/13025","targetHints":{"allow":["GET"]}}],"collection":[{"href":"https:\/\/dev.garden.ee\/en\/wp-json\/wp\/v2\/product"}],"about":[{"href":"https:\/\/dev.garden.ee\/en\/wp-json\/wp\/v2\/types\/product"}],"wp:featuredmedia":[{"embeddable":true,"href":"https:\/\/dev.garden.ee\/en\/wp-json\/wp\/v2\/media\/13026"}],"wp:attachment":[{"href":"https:\/\/dev.garden.ee\/en\/wp-json\/wp\/v2\/media?parent=13025"}],"wp:term":[{"taxonomy":"product_brand","embeddable":true,"href":"https:\/\/dev.garden.ee\/en\/wp-json\/wp\/v2\/product_brand?post=13025"},{"taxonomy":"product_cat","embeddable":true,"href":"https:\/\/dev.garden.ee\/en\/wp-json\/wp\/v2\/product_cat?post=13025"},{"taxonomy":"product_tag","embeddable":true,"href":"https:\/\/dev.garden.ee\/en\/wp-json\/wp\/v2\/product_tag?post=13025"}],"curies":[{"name":"wp","href":"https:\/\/api.w.org\/{rel}","templated":true}]}}