{"id":13013,"date":"2023-01-18T18:55:11","date_gmt":"2023-01-18T16:55:11","guid":{"rendered":"https:\/\/dev.zezz.ee\/garden\/toode\/mentha-mojito-uus\/"},"modified":"2026-03-02T20:55:38","modified_gmt":"2026-03-02T18:55:38","slug":"mentha-mojito","status":"publish","type":"product","link":"https:\/\/dev.garden.ee\/en\/product\/mentha-mojito\/","title":{"rendered":"Mentha &#8216;Mojito&#8217;"},"content":{"rendered":"<input class=\"fooboxshare_post_id\" type=\"hidden\" value=\"13013\"\/>","protected":false},"excerpt":{"rendered":"<p>Just see kergelt tsitruse aroomi ja maitsega m\u00fcndisort k\u00e4ib \u00f5ige mojito sisse! Eelistab huumusrikast, parasniisket ja p\u00e4ikeselist v\u00f5i poolvarjulist kasvukohta.<\/p>","protected":false},"featured_media":13014,"template":"","meta":[],"product_brand":[],"product_cat":[4401,4411,4393,22],"product_tag":[],"class_list":{"0":"post-13013","1":"product","2":"type-product","3":"status-publish","4":"has-post-thumbnail","6":"product_cat-pusikud","7":"product_cat-urdiaed","8":"product_cat-urdid","9":"product_cat-taimed","10":"pa_haiguskindlus-vaga-hea","11":"pa_lohn-tugev","12":"pa_moodud-k-45-60-cm-l-15-25-cm","13":"pa_oie-varv-lilla","14":"pa_oitsemise-aeg-juuni","15":"pa_talvekindlus-vaga-hea","16":"pa_tsoon-5-9","17":"pa_variatsioon-suurem-pott","18":"pa_variatsioon-suurem-pott-soodushind-50","19":"pa_variatsioon-vaiksem-pott","21":"first","22":"instock","23":"sale","24":"purchasable","25":"product-type-variable"},"acf":[],"_links":{"self":[{"href":"https:\/\/dev.garden.ee\/en\/wp-json\/wp\/v2\/product\/13013","targetHints":{"allow":["GET"]}}],"collection":[{"href":"https:\/\/dev.garden.ee\/en\/wp-json\/wp\/v2\/product"}],"about":[{"href":"https:\/\/dev.garden.ee\/en\/wp-json\/wp\/v2\/types\/product"}],"wp:featuredmedia":[{"embeddable":true,"href":"https:\/\/dev.garden.ee\/en\/wp-json\/wp\/v2\/media\/13014"}],"wp:attachment":[{"href":"https:\/\/dev.garden.ee\/en\/wp-json\/wp\/v2\/media?parent=13013"}],"wp:term":[{"taxonomy":"product_brand","embeddable":true,"href":"https:\/\/dev.garden.ee\/en\/wp-json\/wp\/v2\/product_brand?post=13013"},{"taxonomy":"product_cat","embeddable":true,"href":"https:\/\/dev.garden.ee\/en\/wp-json\/wp\/v2\/product_cat?post=13013"},{"taxonomy":"product_tag","embeddable":true,"href":"https:\/\/dev.garden.ee\/en\/wp-json\/wp\/v2\/product_tag?post=13013"}],"curies":[{"name":"wp","href":"https:\/\/api.w.org\/{rel}","templated":true}]}}