{"id":13005,"date":"2023-01-18T18:55:05","date_gmt":"2023-01-18T16:55:05","guid":{"rendered":"https:\/\/dev.zezz.ee\/garden\/toode\/magnolia-heaven-scent\/"},"modified":"2023-03-21T13:03:19","modified_gmt":"2023-03-21T11:03:19","slug":"magnolia-heaven-scent","status":"publish","type":"product","link":"https:\/\/dev.garden.ee\/en\/product\/magnolia-heaven-scent\/","title":{"rendered":"Magnolia &#8216;Heaven Scent&#8217;"},"content":{"rendered":"<input class=\"fooboxshare_post_id\" type=\"hidden\" value=\"13005\"\/>","protected":false},"excerpt":{"rendered":"<p>Enne lehtimist kattuvad oksad kaunite kergelt l\u00f5hnavate piklike \u00f5itega, mis seest heledamad roosakasvalged ning v\u00e4ljast tumedamad lillakasroosad. Aretajaks\u00a0Todd Gresham, Santa Cruz, Ameerika, 1955.a.<\/p>\n<p>Hoodus: Regulaarset l\u00f5ikust pole tarvis, kuid kui m\u00f5ni oks on valesti kasvanud, siis selle v\u00f5ib peale \u00f5itsemist eemaldada. Kuivematel perioodidel teostada lisakastmist.<\/p>","protected":false},"featured_media":13006,"template":"","meta":[],"product_brand":[],"product_cat":[4403,6934,4396,4408,22],"product_tag":[],"class_list":{"0":"post-13005","1":"product","2":"type-product","3":"status-publish","4":"has-post-thumbnail","6":"product_cat-kodu","7":"product_cat-mesilassobralik-aed","8":"product_cat-puud-ja-poosad","9":"product_cat-vaike-aed","10":"product_cat-taimed","11":"pa_moodud-k-4-m-l-3-m","12":"pa_muugisuurus-15l-pott","13":"pa_oie-varv-roosa","14":"pa_oitsemise-aeg-mai","15":"pa_variatsioon-poosas-h-125-150-cm","16":"pa_variatsioon-poosas-h-80-100-cm","17":"pa_variatsioon-puuvorm-tuvi-11-m","19":"first","20":"outofstock","21":"taxable","22":"shipping-taxable","23":"purchasable","24":"product-type-variable"},"acf":[],"_links":{"self":[{"href":"https:\/\/dev.garden.ee\/en\/wp-json\/wp\/v2\/product\/13005","targetHints":{"allow":["GET"]}}],"collection":[{"href":"https:\/\/dev.garden.ee\/en\/wp-json\/wp\/v2\/product"}],"about":[{"href":"https:\/\/dev.garden.ee\/en\/wp-json\/wp\/v2\/types\/product"}],"wp:featuredmedia":[{"embeddable":true,"href":"https:\/\/dev.garden.ee\/en\/wp-json\/wp\/v2\/media\/13006"}],"wp:attachment":[{"href":"https:\/\/dev.garden.ee\/en\/wp-json\/wp\/v2\/media?parent=13005"}],"wp:term":[{"taxonomy":"product_brand","embeddable":true,"href":"https:\/\/dev.garden.ee\/en\/wp-json\/wp\/v2\/product_brand?post=13005"},{"taxonomy":"product_cat","embeddable":true,"href":"https:\/\/dev.garden.ee\/en\/wp-json\/wp\/v2\/product_cat?post=13005"},{"taxonomy":"product_tag","embeddable":true,"href":"https:\/\/dev.garden.ee\/en\/wp-json\/wp\/v2\/product_tag?post=13005"}],"curies":[{"name":"wp","href":"https:\/\/api.w.org\/{rel}","templated":true}]}}