{"id":12962,"date":"2023-01-18T18:54:41","date_gmt":"2023-01-18T16:54:41","guid":{"rendered":"https:\/\/dev.zezz.ee\/garden\/toode\/linaria-purpurea-canon-went\/"},"modified":"2026-03-02T10:26:48","modified_gmt":"2026-03-02T08:26:48","slug":"linaria-purpurea-canon-went","status":"publish","type":"product","link":"https:\/\/dev.garden.ee\/en\/product\/linaria-purpurea-canon-went\/","title":{"rendered":"Linaria purpurea &#8216;Canon Went&#8217;"},"content":{"rendered":"<input class=\"fooboxshare_post_id\" type=\"hidden\" value=\"12962\"\/>","protected":false},"excerpt":{"rendered":"<p>T\u00f5eline \u00f5itseja! Kui n\u00e4rtsinud \u00f5iepead eemaldada, jagub roosat \u00f5ieilu lausa juulist esimeste k\u00fclmadeni. Eelistab p\u00e4ikest, aga kasvab kenasti ka varjulisemas paigas. Kannatab ka tuulisemat kasvukohta. Muld olgu kergem, liivakam, hea drenaa\u017eiga. S\u00fcgisel tuleks taim mullani tagasi l\u00f5igata.<\/p>","protected":false},"featured_media":25710,"template":"","meta":[],"product_brand":[],"product_cat":[4415,6934,4401,22],"product_tag":[],"class_list":{"0":"post-12962","1":"product","2":"type-product","3":"status-publish","4":"has-post-thumbnail","6":"product_cat-lilleaed","7":"product_cat-mesilassobralik-aed","8":"product_cat-pusikud","9":"product_cat-taimed","10":"pa_haiguskindlus-vaga-hea","11":"pa_moodud-k-60-90-cm-l-30-cm","12":"pa_oie-varv-roosa","13":"pa_oitsemise-aeg-juuli-oktoober","14":"pa_talvekindlus-vaga-hea","15":"pa_tsoon-z-3-9","16":"pa_variatsioon-suurem-pott","17":"pa_variatsioon-vaiksem-pott","19":"first","20":"onbackorder","21":"purchasable","22":"product-type-variable"},"acf":[],"_links":{"self":[{"href":"https:\/\/dev.garden.ee\/en\/wp-json\/wp\/v2\/product\/12962","targetHints":{"allow":["GET"]}}],"collection":[{"href":"https:\/\/dev.garden.ee\/en\/wp-json\/wp\/v2\/product"}],"about":[{"href":"https:\/\/dev.garden.ee\/en\/wp-json\/wp\/v2\/types\/product"}],"wp:featuredmedia":[{"embeddable":true,"href":"https:\/\/dev.garden.ee\/en\/wp-json\/wp\/v2\/media\/25710"}],"wp:attachment":[{"href":"https:\/\/dev.garden.ee\/en\/wp-json\/wp\/v2\/media?parent=12962"}],"wp:term":[{"taxonomy":"product_brand","embeddable":true,"href":"https:\/\/dev.garden.ee\/en\/wp-json\/wp\/v2\/product_brand?post=12962"},{"taxonomy":"product_cat","embeddable":true,"href":"https:\/\/dev.garden.ee\/en\/wp-json\/wp\/v2\/product_cat?post=12962"},{"taxonomy":"product_tag","embeddable":true,"href":"https:\/\/dev.garden.ee\/en\/wp-json\/wp\/v2\/product_tag?post=12962"}],"curies":[{"name":"wp","href":"https:\/\/api.w.org\/{rel}","templated":true}]}}