{"id":12958,"date":"2023-01-18T18:54:38","date_gmt":"2023-01-18T16:54:38","guid":{"rendered":"https:\/\/dev.zezz.ee\/garden\/toode\/lilium-white-planet\/"},"modified":"2026-01-16T10:29:56","modified_gmt":"2026-01-16T08:29:56","slug":"lilium-white-planet","status":"publish","type":"product","link":"https:\/\/dev.garden.ee\/en\/product\/lilium-white-planet\/","title":{"rendered":"Lilium &#8216;White Planet&#8217;"},"content":{"rendered":"<input class=\"fooboxshare_post_id\" type=\"hidden\" value=\"12958\"\/>","protected":false},"excerpt":{"rendered":"<p>Ekstra suured valged, kollase s\u00fcdamikuga \u00fclespoole hoidvad \u00f5ied. Suursugune k\u00f5rgekasvuline sibullill. Vajab valgusk\u00fcllast kasvukohta ja huumusrikast, hea drenaa\u017eiga mulda. V\u00f5ivad j\u00e4\u00e4da samale kohale mitmeks aastaks. Suurep\u00e4rane l\u00f5ikelilled. Parim viis paljundamiseks on t\u00fctarsibulatega.<\/p>\n<p><span style=\"color: #ff0000;\">\u00a0<\/span><\/p>","protected":false},"featured_media":12959,"template":"","meta":[],"product_brand":[],"product_cat":[4403,4415,4414,4413,4401,4391,22],"product_tag":[9417,9451],"class_list":{"0":"post-12958","1":"product","2":"type-product","3":"status-publish","4":"has-post-thumbnail","6":"product_cat-kodu","7":"product_cat-lilleaed","8":"product_cat-lohnaaed","9":"product_cat-loikelilleaed","10":"product_cat-pusikud","11":"product_cat-sibullilled","12":"product_cat-taimed","13":"product_tag-soodushind-50","14":"product_tag-trompetliilia","15":"pa_haiguskindlus-hea","16":"pa_lohn-tugev","17":"pa_moodud-k-90-150-cm-l-45-cm","18":"pa_oie-varv-valge","19":"pa_oitsemise-aeg-juuli-august","20":"pa_talvekindlus-hea","21":"pa_tsoon-5-9","22":"pa_variatsioon-sibul-ainult-kevadel","23":"pa_variatsioon-suurem-pott","25":"first","26":"instock","27":"sale","28":"taxable","29":"shipping-taxable","30":"purchasable","31":"product-type-variable"},"acf":[],"_links":{"self":[{"href":"https:\/\/dev.garden.ee\/en\/wp-json\/wp\/v2\/product\/12958","targetHints":{"allow":["GET"]}}],"collection":[{"href":"https:\/\/dev.garden.ee\/en\/wp-json\/wp\/v2\/product"}],"about":[{"href":"https:\/\/dev.garden.ee\/en\/wp-json\/wp\/v2\/types\/product"}],"wp:featuredmedia":[{"embeddable":true,"href":"https:\/\/dev.garden.ee\/en\/wp-json\/wp\/v2\/media\/12959"}],"wp:attachment":[{"href":"https:\/\/dev.garden.ee\/en\/wp-json\/wp\/v2\/media?parent=12958"}],"wp:term":[{"taxonomy":"product_brand","embeddable":true,"href":"https:\/\/dev.garden.ee\/en\/wp-json\/wp\/v2\/product_brand?post=12958"},{"taxonomy":"product_cat","embeddable":true,"href":"https:\/\/dev.garden.ee\/en\/wp-json\/wp\/v2\/product_cat?post=12958"},{"taxonomy":"product_tag","embeddable":true,"href":"https:\/\/dev.garden.ee\/en\/wp-json\/wp\/v2\/product_tag?post=12958"}],"curies":[{"name":"wp","href":"https:\/\/api.w.org\/{rel}","templated":true}]}}