{"id":12881,"date":"2023-01-18T18:53:57","date_gmt":"2023-01-18T16:53:57","guid":{"rendered":"https:\/\/dev.zezz.ee\/garden\/toode\/origanum-vulgare-aureum-uus\/"},"modified":"2026-03-04T17:58:12","modified_gmt":"2026-03-04T15:58:12","slug":"origanum-vulgare-aureum","status":"publish","type":"product","link":"https:\/\/dev.garden.ee\/en\/product\/origanum-vulgare-aureum\/","title":{"rendered":"Origanum vulgare &#8216;Aureum&#8217;"},"content":{"rendered":"<input class=\"fooboxshare_post_id\" type=\"hidden\" value=\"12881\"\/>","protected":false},"excerpt":{"rendered":"<p>Hariliku pune\u00a0kollaseleheline versioon. Madal puhmikuline, laiuva kasvukujuga. Sobivad parasniisked mullad, t\u00e4isp\u00e4ike kuni poolvari.\u00a0Sobib nii konteinerisse kui l\u00f5ikelilleks. On aromaatse l\u00f5hnaga, kuid seda sorti maitsetaimena eriti ei kasutata. V\u00e4ga hea vastupidavusega ja taimele on omistatud Briti Kuningliku Aianduse Seltsi auhind (Award of Garden Merit).<\/p>","protected":false},"featured_media":25810,"template":"","meta":[],"product_brand":[],"product_cat":[4414,4401,4411,4393,22],"product_tag":[9209],"class_list":{"0":"post-12881","1":"product","2":"type-product","3":"status-publish","4":"has-post-thumbnail","6":"product_cat-lohnaaed","7":"product_cat-pusikud","8":"product_cat-urdiaed","9":"product_cat-urdid","10":"product_cat-taimed","11":"product_tag-rhs-award-of-garden-merit","12":"pa_haiguskindlus-hea","13":"pa_lohn-tugev","14":"pa_moodud-k-15-30-cm-l-30-45-cm","15":"pa_oie-varv-roosa","16":"pa_oitsemise-aeg-juuli-august","17":"pa_talvekindlus-vaga-hea","18":"pa_tsoon-4-8","19":"pa_variatsioon-suurem-pott","20":"pa_variatsioon-vaiksem-pott","22":"first","23":"instock","24":"purchasable","25":"product-type-variable"},"acf":[],"_links":{"self":[{"href":"https:\/\/dev.garden.ee\/en\/wp-json\/wp\/v2\/product\/12881","targetHints":{"allow":["GET"]}}],"collection":[{"href":"https:\/\/dev.garden.ee\/en\/wp-json\/wp\/v2\/product"}],"about":[{"href":"https:\/\/dev.garden.ee\/en\/wp-json\/wp\/v2\/types\/product"}],"wp:featuredmedia":[{"embeddable":true,"href":"https:\/\/dev.garden.ee\/en\/wp-json\/wp\/v2\/media\/25810"}],"wp:attachment":[{"href":"https:\/\/dev.garden.ee\/en\/wp-json\/wp\/v2\/media?parent=12881"}],"wp:term":[{"taxonomy":"product_brand","embeddable":true,"href":"https:\/\/dev.garden.ee\/en\/wp-json\/wp\/v2\/product_brand?post=12881"},{"taxonomy":"product_cat","embeddable":true,"href":"https:\/\/dev.garden.ee\/en\/wp-json\/wp\/v2\/product_cat?post=12881"},{"taxonomy":"product_tag","embeddable":true,"href":"https:\/\/dev.garden.ee\/en\/wp-json\/wp\/v2\/product_tag?post=12881"}],"curies":[{"name":"wp","href":"https:\/\/api.w.org\/{rel}","templated":true}]}}