{"id":12876,"date":"2023-01-18T18:53:54","date_gmt":"2023-01-18T16:53:54","guid":{"rendered":"https:\/\/dev.zezz.ee\/garden\/toode\/molinia-caerulea-torch\/"},"modified":"2026-03-03T15:48:25","modified_gmt":"2026-03-03T13:48:25","slug":"molinia-caerulea-torch","status":"publish","type":"product","link":"https:\/\/dev.garden.ee\/en\/product\/molinia-caerulea-torch\/","title":{"rendered":"Molinia caerulea &#8216;Torch&#8217;"},"content":{"rendered":"<input class=\"fooboxshare_post_id\" type=\"hidden\" value=\"12876\"\/>","protected":false},"excerpt":{"rendered":"<p>P\u00fcstise ja peene siluetiga k\u00f5rreline. Hoiab h\u00e4sti k\u00f5rguvat vormi. Suvel on kitsad lehed rohelised, s\u00fcgisel v\u00f5tab kollakaid-oran\u017eikaid toone. Hea haigus- ja talvekindlus. Varakevadel tuleks maani maha l\u00f5igata. Sobib p\u00e4ike, mulla suhtes v\u00e4hen\u00f5udlik.<\/p>","protected":false},"featured_media":25764,"template":"","meta":[],"product_brand":[],"product_cat":[4407,4400,4415,4401,22],"product_tag":[],"class_list":{"0":"post-12876","1":"product","2":"type-product","3":"status-publish","4":"has-post-thumbnail","6":"product_cat-aasad","7":"product_cat-korrelised","8":"product_cat-lilleaed","9":"product_cat-pusikud","10":"product_cat-taimed","11":"pa_haiguskindlus-hea","12":"pa_moodud-k-90-110-cm-l-50-cm","13":"pa_oie-varv-pruun","14":"pa_oitsemise-aeg-august-september","15":"pa_talvekindlus-hea","16":"pa_tsoon-5-9","17":"pa_variatsioon-suurem-pott","18":"pa_variatsioon-vaiksem-pott","20":"first","21":"instock","22":"purchasable","23":"product-type-variable"},"acf":[],"_links":{"self":[{"href":"https:\/\/dev.garden.ee\/en\/wp-json\/wp\/v2\/product\/12876","targetHints":{"allow":["GET"]}}],"collection":[{"href":"https:\/\/dev.garden.ee\/en\/wp-json\/wp\/v2\/product"}],"about":[{"href":"https:\/\/dev.garden.ee\/en\/wp-json\/wp\/v2\/types\/product"}],"wp:featuredmedia":[{"embeddable":true,"href":"https:\/\/dev.garden.ee\/en\/wp-json\/wp\/v2\/media\/25764"}],"wp:attachment":[{"href":"https:\/\/dev.garden.ee\/en\/wp-json\/wp\/v2\/media?parent=12876"}],"wp:term":[{"taxonomy":"product_brand","embeddable":true,"href":"https:\/\/dev.garden.ee\/en\/wp-json\/wp\/v2\/product_brand?post=12876"},{"taxonomy":"product_cat","embeddable":true,"href":"https:\/\/dev.garden.ee\/en\/wp-json\/wp\/v2\/product_cat?post=12876"},{"taxonomy":"product_tag","embeddable":true,"href":"https:\/\/dev.garden.ee\/en\/wp-json\/wp\/v2\/product_tag?post=12876"}],"curies":[{"name":"wp","href":"https:\/\/api.w.org\/{rel}","templated":true}]}}