{"id":12872,"date":"2023-01-18T18:53:52","date_gmt":"2023-01-18T16:53:52","guid":{"rendered":"https:\/\/dev.zezz.ee\/garden\/toode\/monarda-bee-bright\/"},"modified":"2026-03-03T16:02:55","modified_gmt":"2026-03-03T14:02:55","slug":"monarda-bee-bright","status":"publish","type":"product","link":"https:\/\/dev.garden.ee\/en\/product\/monarda-bee-bright\/","title":{"rendered":"Monarda didyma &#8216;Bee Bright&#8217;"},"content":{"rendered":"<input class=\"fooboxshare_post_id\" type=\"hidden\" value=\"12872\"\/>","protected":false},"excerpt":{"rendered":"<p>Valgete \u00f5itega pikalt \u00f5itsev tugeval\u00f5hnaline puhmik. Hea haigus- ja k\u00fclmakindlusega. \u00d5itseb uhkelt juulist augustini, meelitades aeda tolmeldajaid. N\u00e4rbunud \u00f5ietutid tuleks eemaldada. Taimele sobib\u00a0t\u00e4isp\u00e4ike ja poolvari, niiske hea drenaa\u017eiga muld.\u00a0Laiub hooga, nii et iga 3 aasta tagant v\u00f5iks puhmikut jagada. Sobib ka konteineritesse ja l\u00f5ikelilleks.<\/p>","protected":false},"featured_media":12873,"template":"","meta":[],"product_brand":[],"product_cat":[9637,4415,4414,4413,4401,22],"product_tag":[],"class_list":{"0":"post-12872","1":"product","2":"type-product","3":"status-publish","4":"has-post-thumbnail","6":"product_cat-istutuskast","7":"product_cat-lilleaed","8":"product_cat-lohnaaed","9":"product_cat-loikelilleaed","10":"product_cat-pusikud","11":"product_cat-taimed","12":"pa_haiguskindlus-vaga-hea","13":"pa_lohn-keskmine","14":"pa_moodud-k-35-45-cm-l-30-35-cm","15":"pa_oie-varv-valge","16":"pa_oitsemise-aeg-juuli-august","17":"pa_talvekindlus-vaga-hea","18":"pa_tsoon-4-9","19":"pa_variatsioon-suurem-pott","20":"pa_variatsioon-vaiksem-pott","22":"first","23":"instock","24":"purchasable","25":"product-type-variable"},"acf":[],"_links":{"self":[{"href":"https:\/\/dev.garden.ee\/en\/wp-json\/wp\/v2\/product\/12872","targetHints":{"allow":["GET"]}}],"collection":[{"href":"https:\/\/dev.garden.ee\/en\/wp-json\/wp\/v2\/product"}],"about":[{"href":"https:\/\/dev.garden.ee\/en\/wp-json\/wp\/v2\/types\/product"}],"wp:featuredmedia":[{"embeddable":true,"href":"https:\/\/dev.garden.ee\/en\/wp-json\/wp\/v2\/media\/12873"}],"wp:attachment":[{"href":"https:\/\/dev.garden.ee\/en\/wp-json\/wp\/v2\/media?parent=12872"}],"wp:term":[{"taxonomy":"product_brand","embeddable":true,"href":"https:\/\/dev.garden.ee\/en\/wp-json\/wp\/v2\/product_brand?post=12872"},{"taxonomy":"product_cat","embeddable":true,"href":"https:\/\/dev.garden.ee\/en\/wp-json\/wp\/v2\/product_cat?post=12872"},{"taxonomy":"product_tag","embeddable":true,"href":"https:\/\/dev.garden.ee\/en\/wp-json\/wp\/v2\/product_tag?post=12872"}],"curies":[{"name":"wp","href":"https:\/\/api.w.org\/{rel}","templated":true}]}}