{"id":12804,"date":"2023-01-18T18:53:05","date_gmt":"2023-01-18T16:53:05","guid":{"rendered":"https:\/\/dev.zezz.ee\/garden\/toode\/achillea-m-rainbow-creme-de-la-creme-uus\/"},"modified":"2026-02-16T19:08:46","modified_gmt":"2026-02-16T17:08:46","slug":"achillea-m-rainbow-creme-de-la-creme-uus","status":"publish","type":"product","link":"https:\/\/dev.garden.ee\/en\/product\/achillea-m-rainbow-creme-de-la-creme-uus\/","title":{"rendered":"Achillea millefolium &#8216;Rainbow Creme de la Creme&#8217;"},"content":{"rendered":"<input class=\"fooboxshare_post_id\" type=\"hidden\" value=\"12804\"\/>","protected":false},"excerpt":{"rendered":"<p>Harilikul raudrohul &#8216;Rainbow Creme de la Creme&#8217; on suured lameda vormiga kreemikad \u00f5isikud. V\u00e4hen\u00f5udlik ja hea p\u00f5uataluvusega. Lepib ka poolvarjulise kasvukoha ja savise mullaga. Hea l\u00f5ikelill, sobib ka kuivatamiseks. K\u00f5ige paremini tunneb end taim kuivemas, p\u00e4ikeselisemas ja kindlasti tuulevaikses kasvukohas.<\/p>\n<p>Hooldus: Raudrohud n\u00e4evad v\u00e4rskemad v\u00e4lja, kui nende n\u00e4rbunud \u00f5ied pidevalt \u00e4ra l\u00f5igata. Iga 3-4 aasta j\u00e4rel tuleks taime jagada.<\/p>","protected":false},"featured_media":12805,"template":"","meta":[],"product_brand":[],"product_cat":[4407,4415,4413,9650,4401,22],"product_tag":[],"class_list":{"0":"post-12804","1":"product","2":"type-product","3":"status-publish","4":"has-post-thumbnail","6":"product_cat-aasad","7":"product_cat-lilleaed","8":"product_cat-loikelilleaed","9":"product_cat-looduslik-aed","10":"product_cat-pusikud","11":"product_cat-taimed","12":"pa_haiguskindlus-hea","13":"pa_kasvukorgus-50-60-cm","14":"pa_laius-45-60-cm","15":"pa_lisainfo-sobilik-istutuskasti-jaoks","16":"pa_lisainfo-sobib-loikelilleks","17":"pa_lohn-tugev","18":"pa_oie-varv-kreemjas","19":"pa_oitsemise-aeg-juuni-august","20":"pa_talvekindlus-vaga-hea","21":"pa_tingimused-kuivema-poolsem","22":"pa_tsoon-2-9","23":"pa_valguse-tingimused-paike","24":"pa_variatsioon-suurem-pott","25":"pa_variatsioon-vaiksem-pott","27":"first","28":"onbackorder","29":"purchasable","30":"product-type-variable"},"acf":[],"_links":{"self":[{"href":"https:\/\/dev.garden.ee\/en\/wp-json\/wp\/v2\/product\/12804","targetHints":{"allow":["GET"]}}],"collection":[{"href":"https:\/\/dev.garden.ee\/en\/wp-json\/wp\/v2\/product"}],"about":[{"href":"https:\/\/dev.garden.ee\/en\/wp-json\/wp\/v2\/types\/product"}],"wp:featuredmedia":[{"embeddable":true,"href":"https:\/\/dev.garden.ee\/en\/wp-json\/wp\/v2\/media\/12805"}],"wp:attachment":[{"href":"https:\/\/dev.garden.ee\/en\/wp-json\/wp\/v2\/media?parent=12804"}],"wp:term":[{"taxonomy":"product_brand","embeddable":true,"href":"https:\/\/dev.garden.ee\/en\/wp-json\/wp\/v2\/product_brand?post=12804"},{"taxonomy":"product_cat","embeddable":true,"href":"https:\/\/dev.garden.ee\/en\/wp-json\/wp\/v2\/product_cat?post=12804"},{"taxonomy":"product_tag","embeddable":true,"href":"https:\/\/dev.garden.ee\/en\/wp-json\/wp\/v2\/product_tag?post=12804"}],"curies":[{"name":"wp","href":"https:\/\/api.w.org\/{rel}","templated":true}]}}