{"id":12801,"date":"2023-01-18T18:53:01","date_gmt":"2023-01-18T16:53:01","guid":{"rendered":"https:\/\/dev.zezz.ee\/garden\/toode\/miscanthus-sinensis-serengeti\/"},"modified":"2026-03-03T09:52:04","modified_gmt":"2026-03-03T07:52:04","slug":"miscanthus-sinensis-serengeti","status":"publish","type":"product","link":"https:\/\/dev.garden.ee\/en\/product\/miscanthus-sinensis-serengeti\/","title":{"rendered":"Miscanthus sinensis &#8216;Serengeti&#8217;"},"content":{"rendered":"<input class=\"fooboxshare_post_id\" type=\"hidden\" value=\"12801\"\/>","protected":false},"excerpt":{"rendered":"<p>Hiina siidp\u00f6\u00f6ris\u00a0&#8216;Serengeti&#8217; on eriti hea k\u00fclmataluvusega sort. Tal on efektsed valge triibuga rohelised lehed. Suve l\u00f5pus v\u00f5tavad taime varred kauni purpurse jume. Augustis lisavad dekoratiivsust pruunikad-purpursed \u00f5ied. Eelistab p\u00e4ikest ja niisket hea drenaa\u017eiga mulda.<\/p>","protected":false},"featured_media":25752,"template":"","meta":[],"product_brand":[],"product_cat":[4407,4400,4415,4401,22],"product_tag":[],"class_list":{"0":"post-12801","1":"product","2":"type-product","3":"status-publish","4":"has-post-thumbnail","6":"product_cat-aasad","7":"product_cat-korrelised","8":"product_cat-lilleaed","9":"product_cat-pusikud","10":"product_cat-taimed","11":"pa_haiguskindlus-vaga-hea","12":"pa_moodud-k-100-120-cm-l-50-70-cm","13":"pa_oie-varv-purpurne","14":"pa_oitsemise-aeg-august-oktoober","15":"pa_talvekindlus-vaga-hea","16":"pa_tsoon-5-9","17":"pa_variatsioon-suurem-pott","18":"pa_variatsioon-vaiksem-pott","20":"first","21":"onbackorder","22":"purchasable","23":"product-type-variable"},"acf":[],"_links":{"self":[{"href":"https:\/\/dev.garden.ee\/en\/wp-json\/wp\/v2\/product\/12801","targetHints":{"allow":["GET"]}}],"collection":[{"href":"https:\/\/dev.garden.ee\/en\/wp-json\/wp\/v2\/product"}],"about":[{"href":"https:\/\/dev.garden.ee\/en\/wp-json\/wp\/v2\/types\/product"}],"wp:featuredmedia":[{"embeddable":true,"href":"https:\/\/dev.garden.ee\/en\/wp-json\/wp\/v2\/media\/25752"}],"wp:attachment":[{"href":"https:\/\/dev.garden.ee\/en\/wp-json\/wp\/v2\/media?parent=12801"}],"wp:term":[{"taxonomy":"product_brand","embeddable":true,"href":"https:\/\/dev.garden.ee\/en\/wp-json\/wp\/v2\/product_brand?post=12801"},{"taxonomy":"product_cat","embeddable":true,"href":"https:\/\/dev.garden.ee\/en\/wp-json\/wp\/v2\/product_cat?post=12801"},{"taxonomy":"product_tag","embeddable":true,"href":"https:\/\/dev.garden.ee\/en\/wp-json\/wp\/v2\/product_tag?post=12801"}],"curies":[{"name":"wp","href":"https:\/\/api.w.org\/{rel}","templated":true}]}}