{"id":12671,"date":"2023-01-18T18:51:39","date_gmt":"2023-01-18T16:51:39","guid":{"rendered":"https:\/\/dev.zezz.ee\/garden\/toode\/prunus-laurocerasus-otto-luyken\/"},"modified":"2023-04-18T11:40:54","modified_gmt":"2023-04-18T08:40:54","slug":"prunus-laurocerasus-otto-luyken","status":"publish","type":"product","link":"https:\/\/dev.garden.ee\/en\/product\/prunus-laurocerasus-otto-luyken\/","title":{"rendered":"Prunus laurocerasus &#8216;Otto Luyken&#8217;"},"content":{"rendered":"<input class=\"fooboxshare_post_id\" type=\"hidden\" value=\"12671\"\/>","protected":false},"excerpt":{"rendered":"<p>Kevadised \u00f5ied on 8-15 cm pikkused kobarad, mis koosnevad 30-40 kreemjasvalgest l\u00f5hnavast \u00f5iest. Ettevaatust s\u00fcgiseks valmivad purpursed m\u00f5rkjad marjad on m\u00fcrgised! Piklik lehestik on tumeroheline, l\u00e4ikiv. Aretaja H.A Hesse, Weener-Ems (Taani) 1940.a.<\/p>","protected":false},"featured_media":12672,"template":"","meta":[],"product_brand":[],"product_cat":[4403,4395,4406,4396,22],"product_tag":[],"class_list":{"0":"post-12671","1":"product","2":"type-product","3":"status-publish","4":"has-post-thumbnail","6":"product_cat-kodu","7":"product_cat-hekid","8":"product_cat-park","9":"product_cat-puud-ja-poosad","10":"product_cat-taimed","11":"pa_moodud-k-1-m-l-1-m","12":"pa_oie-varv-kreemjas","13":"pa_oitsemise-aeg-mai-juuni","14":"pa_variatsioon-poosas-h-50-60-cm","15":"pa_variatsioon-poosas-h-60-80-cm","17":"first","18":"outofstock","19":"taxable","20":"shipping-taxable","21":"purchasable","22":"product-type-variable"},"acf":[],"_links":{"self":[{"href":"https:\/\/dev.garden.ee\/en\/wp-json\/wp\/v2\/product\/12671","targetHints":{"allow":["GET"]}}],"collection":[{"href":"https:\/\/dev.garden.ee\/en\/wp-json\/wp\/v2\/product"}],"about":[{"href":"https:\/\/dev.garden.ee\/en\/wp-json\/wp\/v2\/types\/product"}],"wp:featuredmedia":[{"embeddable":true,"href":"https:\/\/dev.garden.ee\/en\/wp-json\/wp\/v2\/media\/12672"}],"wp:attachment":[{"href":"https:\/\/dev.garden.ee\/en\/wp-json\/wp\/v2\/media?parent=12671"}],"wp:term":[{"taxonomy":"product_brand","embeddable":true,"href":"https:\/\/dev.garden.ee\/en\/wp-json\/wp\/v2\/product_brand?post=12671"},{"taxonomy":"product_cat","embeddable":true,"href":"https:\/\/dev.garden.ee\/en\/wp-json\/wp\/v2\/product_cat?post=12671"},{"taxonomy":"product_tag","embeddable":true,"href":"https:\/\/dev.garden.ee\/en\/wp-json\/wp\/v2\/product_tag?post=12671"}],"curies":[{"name":"wp","href":"https:\/\/api.w.org\/{rel}","templated":true}]}}