{"id":12603,"date":"2023-01-18T18:50:58","date_gmt":"2023-01-18T16:50:58","guid":{"rendered":"https:\/\/dev.zezz.ee\/garden\/toode\/hemerocallis-stella-de-oro\/"},"modified":"2026-02-25T18:34:17","modified_gmt":"2026-02-25T16:34:17","slug":"hemerocallis-stella-de-oro","status":"publish","type":"product","link":"https:\/\/dev.garden.ee\/en\/product\/hemerocallis-stella-de-oro\/","title":{"rendered":"Hemerocallis &#8216;Stella de Oro&#8217;"},"content":{"rendered":"<input class=\"fooboxshare_post_id\" type=\"hidden\" value=\"12603\"\/>","protected":false},"excerpt":{"rendered":"<p>Kuldkollaste trompet\u00f5itega ja kompaktse vormiga p\u00e4evaliilia &#8216;Stella de Oro&#8217; on p\u00e4lvinud mitmeid auhindu, kuna \u00f5itseb v\u00e4ga pikalt: varasuvest s\u00fcgiseni. Tegu on vana vastupidava sordiga, nn t\u00e4iusliku p\u00fcsikuga, mis vajab v\u00e4he hoolt, talub p\u00f5uda ja kuumust ning on hea talvekindlusega. P\u00e4evaliiliad on kaunid massistutusena, kuna oma kaunite \u00f5ite ja tiheda lehestikuga moodustavad imekauni pinnakatte, kust ei tr\u00fcgi l\u00e4bi isegi umbrohi.<\/p>","protected":false},"featured_media":12604,"template":"","meta":[],"product_brand":[],"product_cat":[4415,4401,4409,4392,22],"product_tag":[],"class_list":{"0":"post-12603","1":"product","2":"type-product","3":"status-publish","4":"has-post-thumbnail","6":"product_cat-lilleaed","7":"product_cat-pusikud","8":"product_cat-tiigiaed","9":"product_cat-tiigitaimed","10":"product_cat-taimed","11":"pa_haiguskindlus-vaga-hea","12":"pa_moodud-k-30-cm-l-30-cm","13":"pa_oie-varv-kollane","14":"pa_oitsemise-aeg-juuni-september","15":"pa_talvekindlus-vaga-hea","16":"pa_tsoon-3-9","17":"pa_variatsioon-suurem-pott","18":"pa_variatsioon-vaiksem-pott","20":"first","21":"instock","22":"purchasable","23":"product-type-variable"},"acf":[],"_links":{"self":[{"href":"https:\/\/dev.garden.ee\/en\/wp-json\/wp\/v2\/product\/12603","targetHints":{"allow":["GET"]}}],"collection":[{"href":"https:\/\/dev.garden.ee\/en\/wp-json\/wp\/v2\/product"}],"about":[{"href":"https:\/\/dev.garden.ee\/en\/wp-json\/wp\/v2\/types\/product"}],"wp:featuredmedia":[{"embeddable":true,"href":"https:\/\/dev.garden.ee\/en\/wp-json\/wp\/v2\/media\/12604"}],"wp:attachment":[{"href":"https:\/\/dev.garden.ee\/en\/wp-json\/wp\/v2\/media?parent=12603"}],"wp:term":[{"taxonomy":"product_brand","embeddable":true,"href":"https:\/\/dev.garden.ee\/en\/wp-json\/wp\/v2\/product_brand?post=12603"},{"taxonomy":"product_cat","embeddable":true,"href":"https:\/\/dev.garden.ee\/en\/wp-json\/wp\/v2\/product_cat?post=12603"},{"taxonomy":"product_tag","embeddable":true,"href":"https:\/\/dev.garden.ee\/en\/wp-json\/wp\/v2\/product_tag?post=12603"}],"curies":[{"name":"wp","href":"https:\/\/api.w.org\/{rel}","templated":true}]}}