{"id":12600,"date":"2023-01-18T18:50:56","date_gmt":"2023-01-18T16:50:56","guid":{"rendered":"https:\/\/dev.zezz.ee\/garden\/toode\/foeniculum-vulgare-giant-bronze\/"},"modified":"2026-02-24T01:05:38","modified_gmt":"2026-02-23T23:05:38","slug":"foeniculum-vulgare-giant-bronze","status":"publish","type":"product","link":"https:\/\/dev.garden.ee\/en\/product\/foeniculum-vulgare-giant-bronze\/","title":{"rendered":"Foeniculum vulgare &#8216;Giant Bronze&#8217;"},"content":{"rendered":"<input class=\"fooboxshare_post_id\" type=\"hidden\" value=\"12600\"\/>","protected":false},"excerpt":{"rendered":"<p>V\u00e4ga peensulgjas lehestik on kaunilt pronksjas, eriti noor t\u00e4rkav lehestik. Lisaks on sordil kuldkollased sarikalised \u00f5isikud. Aromaatsetest \u00f5itsenud \u00f5isikutest valmivad aromaatsed kuldpruunid seemnepead, mis toovad taimealasse ka suve teisel poolel p\u00f5nevust.<\/p>","protected":false},"featured_media":12601,"template":"","meta":[],"product_brand":[],"product_cat":[9637,4415,4414,4413,6934,4401,4411,4393,22],"product_tag":[],"class_list":{"0":"post-12600","1":"product","2":"type-product","3":"status-publish","4":"has-post-thumbnail","6":"product_cat-istutuskast","7":"product_cat-lilleaed","8":"product_cat-lohnaaed","9":"product_cat-loikelilleaed","10":"product_cat-mesilassobralik-aed","11":"product_cat-pusikud","12":"product_cat-urdiaed","13":"product_cat-urdid","14":"product_cat-taimed","15":"pa_haiguskindlus-vaga-hea","16":"pa_kasvukorgus-120-cm","17":"pa_laius-50-cm","18":"pa_lehestikuvarv-pronksjas","19":"pa_lisainfo-sobilik-istutuskasti-jaoks","20":"pa_lisainfo-sobib-osalise-varjuga-kasvualale","21":"pa_lohn-lohnav","22":"pa_oie-varv-kuldkollane","23":"pa_oitsemise-aeg-juuni-juuli","24":"pa_tingimused-hea-drenaaz","25":"pa_tingimused-tavaline","26":"pa_valguse-tingimused-paike","27":"pa_valguse-tingimused-poolvari","28":"pa_variatsioon-suurem-pott","29":"pa_variatsioon-vaiksem-pott","31":"first","32":"onbackorder","33":"purchasable","34":"product-type-variable"},"acf":[],"_links":{"self":[{"href":"https:\/\/dev.garden.ee\/en\/wp-json\/wp\/v2\/product\/12600","targetHints":{"allow":["GET"]}}],"collection":[{"href":"https:\/\/dev.garden.ee\/en\/wp-json\/wp\/v2\/product"}],"about":[{"href":"https:\/\/dev.garden.ee\/en\/wp-json\/wp\/v2\/types\/product"}],"wp:featuredmedia":[{"embeddable":true,"href":"https:\/\/dev.garden.ee\/en\/wp-json\/wp\/v2\/media\/12601"}],"wp:attachment":[{"href":"https:\/\/dev.garden.ee\/en\/wp-json\/wp\/v2\/media?parent=12600"}],"wp:term":[{"taxonomy":"product_brand","embeddable":true,"href":"https:\/\/dev.garden.ee\/en\/wp-json\/wp\/v2\/product_brand?post=12600"},{"taxonomy":"product_cat","embeddable":true,"href":"https:\/\/dev.garden.ee\/en\/wp-json\/wp\/v2\/product_cat?post=12600"},{"taxonomy":"product_tag","embeddable":true,"href":"https:\/\/dev.garden.ee\/en\/wp-json\/wp\/v2\/product_tag?post=12600"}],"curies":[{"name":"wp","href":"https:\/\/api.w.org\/{rel}","templated":true}]}}