{"id":12533,"date":"2023-01-18T18:50:23","date_gmt":"2023-01-18T16:50:23","guid":{"rendered":"https:\/\/dev.zezz.ee\/garden\/toode\/molinia-caerulea-dauerstrahl\/"},"modified":"2026-03-03T13:16:32","modified_gmt":"2026-03-03T11:16:32","slug":"molinia-caerulea-dauerstrahl","status":"publish","type":"product","link":"https:\/\/dev.garden.ee\/en\/product\/molinia-caerulea-dauerstrahl\/","title":{"rendered":"Molinia caerulea &#8216;Dauerstrahl&#8217;"},"content":{"rendered":"<input class=\"fooboxshare_post_id\" type=\"hidden\" value=\"12533\"\/>","protected":false},"excerpt":{"rendered":"<p>Harilik sinihelmikas\u00a0&#8216;Dauerstrahl&#8217; on kompaktset puhmikut moodustav k\u00f5rreline. Vastupidav ja v\u00e4hen\u00f5udlik. Kitsad kahvatuvioletsed p\u00f6\u00f6ris\u00f5isikud. K\u00f5rred ja lehed omandavad s\u00fcgisel silmatorkava pruunikas-kollase s\u00fcgisv\u00e4rvuse. M\u00e4rtsis-aprillis tuleks maha l\u00f5igata. Eelistab p\u00e4ikeselist kuni poolvarjulist niiskemapoolset toitaianeterikka pinnasega kasvukohta. Ei vaja pikema aja v\u00e4ltel \u00fcmberistutamist ega m\u00e4rkimisv\u00e4\u00e4rset hooldamist.<\/p>","protected":false},"featured_media":25755,"template":"","meta":[],"product_brand":[],"product_cat":[4407,4400,4415,4401,22],"product_tag":[],"class_list":{"0":"post-12533","1":"product","2":"type-product","3":"status-publish","4":"has-post-thumbnail","6":"product_cat-aasad","7":"product_cat-korrelised","8":"product_cat-lilleaed","9":"product_cat-pusikud","10":"product_cat-taimed","11":"pa_haiguskindlus-vaga-hea","12":"pa_moodud-k-70-80-cm-l-50-cm","13":"pa_oie-varv-pruun","14":"pa_oitsemise-aeg-juuni-oktoober","15":"pa_talvekindlus-vaga-hea","16":"pa_tsoon-5-9","17":"pa_variatsioon-suurem-pott","18":"pa_variatsioon-vaiksem-pott","20":"first","21":"instock","22":"purchasable","23":"product-type-variable"},"acf":[],"_links":{"self":[{"href":"https:\/\/dev.garden.ee\/en\/wp-json\/wp\/v2\/product\/12533","targetHints":{"allow":["GET"]}}],"collection":[{"href":"https:\/\/dev.garden.ee\/en\/wp-json\/wp\/v2\/product"}],"about":[{"href":"https:\/\/dev.garden.ee\/en\/wp-json\/wp\/v2\/types\/product"}],"wp:featuredmedia":[{"embeddable":true,"href":"https:\/\/dev.garden.ee\/en\/wp-json\/wp\/v2\/media\/25755"}],"wp:attachment":[{"href":"https:\/\/dev.garden.ee\/en\/wp-json\/wp\/v2\/media?parent=12533"}],"wp:term":[{"taxonomy":"product_brand","embeddable":true,"href":"https:\/\/dev.garden.ee\/en\/wp-json\/wp\/v2\/product_brand?post=12533"},{"taxonomy":"product_cat","embeddable":true,"href":"https:\/\/dev.garden.ee\/en\/wp-json\/wp\/v2\/product_cat?post=12533"},{"taxonomy":"product_tag","embeddable":true,"href":"https:\/\/dev.garden.ee\/en\/wp-json\/wp\/v2\/product_tag?post=12533"}],"curies":[{"name":"wp","href":"https:\/\/api.w.org\/{rel}","templated":true}]}}