{"id":12530,"date":"2023-01-18T18:50:20","date_gmt":"2023-01-18T16:50:20","guid":{"rendered":"https:\/\/dev.zezz.ee\/garden\/toode\/miscanthus-sinensis-yakushima\/"},"modified":"2026-03-03T12:20:42","modified_gmt":"2026-03-03T10:20:42","slug":"miscanthus-sinensis-yakushima","status":"publish","type":"product","link":"https:\/\/dev.garden.ee\/en\/product\/miscanthus-sinensis-yakushima\/","title":{"rendered":"Miscanthus sinensis &#8216;Yakushima&#8217;"},"content":{"rendered":"<input class=\"fooboxshare_post_id\" type=\"hidden\" value=\"12530\"\/>","protected":false},"excerpt":{"rendered":"<p>&#8216;Yakushima&#8217; on suhteliselt kompaktse kujuga hiina siidp\u00f6\u00f6ris. Tema \u00f5rn lehestik kaardub allapoole, kuid ei vaju vormist v\u00e4lja. \u00d5itseb hilissuvest s\u00fcgiseni. Roosakaspruunid \u00f5isikud v\u00f5tavad s\u00fcgisepoole h\u00f5bedase jume ja on kauniks talveehteks.\u00a0Eelistab t\u00e4isp\u00e4ikest, keskmiselt rikkamat hea drenaa\u017eiga niisket mulda. Ei taha talvist liigniiskust.<\/p>","protected":false},"featured_media":12531,"template":"","meta":[],"product_brand":[],"product_cat":[4407,4400,4415,4401,22],"product_tag":[],"class_list":{"0":"post-12530","1":"product","2":"type-product","3":"status-publish","4":"has-post-thumbnail","6":"product_cat-aasad","7":"product_cat-korrelised","8":"product_cat-lilleaed","9":"product_cat-pusikud","10":"product_cat-taimed","11":"pa_haiguskindlus-vaga-hea","12":"pa_moodud-k-90-120-cm-l-60-90-cm","13":"pa_oie-varv-roosa","14":"pa_oitsemise-aeg-august-oktoober","15":"pa_talvekindlus-keskmine","16":"pa_tsoon-5-9","17":"pa_variatsioon-suurem-pott","18":"pa_variatsioon-vaiksem-pott","20":"first","21":"instock","22":"purchasable","23":"product-type-variable"},"acf":[],"_links":{"self":[{"href":"https:\/\/dev.garden.ee\/en\/wp-json\/wp\/v2\/product\/12530","targetHints":{"allow":["GET"]}}],"collection":[{"href":"https:\/\/dev.garden.ee\/en\/wp-json\/wp\/v2\/product"}],"about":[{"href":"https:\/\/dev.garden.ee\/en\/wp-json\/wp\/v2\/types\/product"}],"wp:featuredmedia":[{"embeddable":true,"href":"https:\/\/dev.garden.ee\/en\/wp-json\/wp\/v2\/media\/12531"}],"wp:attachment":[{"href":"https:\/\/dev.garden.ee\/en\/wp-json\/wp\/v2\/media?parent=12530"}],"wp:term":[{"taxonomy":"product_brand","embeddable":true,"href":"https:\/\/dev.garden.ee\/en\/wp-json\/wp\/v2\/product_brand?post=12530"},{"taxonomy":"product_cat","embeddable":true,"href":"https:\/\/dev.garden.ee\/en\/wp-json\/wp\/v2\/product_cat?post=12530"},{"taxonomy":"product_tag","embeddable":true,"href":"https:\/\/dev.garden.ee\/en\/wp-json\/wp\/v2\/product_tag?post=12530"}],"curies":[{"name":"wp","href":"https:\/\/api.w.org\/{rel}","templated":true}]}}