{"id":1253,"date":"2023-01-18T17:02:33","date_gmt":"2023-01-18T15:02:33","guid":{"rendered":"https:\/\/dev.zezz.ee\/garden\/toode\/dryopteris-erythrosora\/"},"modified":"2026-02-22T13:21:22","modified_gmt":"2026-02-22T11:21:22","slug":"dryopteris-erythrosora","status":"publish","type":"product","link":"https:\/\/dev.garden.ee\/en\/product\/dryopteris-erythrosora\/","title":{"rendered":"Dryopteris erythrosora"},"content":{"rendered":"<input class=\"fooboxshare_post_id\" type=\"hidden\" value=\"1253\"\/>","protected":false},"excerpt":{"rendered":"<p>Noored lehed on pronksjas-punased ja muutuvad ajaga tumeroheliseks nagu \u00fclej\u00e4\u00e4nud lehestik. Vajab piisavalt niiskust ja on suhteliselt aeglasekasvuline.\u00a0Annab suurep\u00e4rase kontrasti teiste metsataimede ja talvehaljaste s\u00f5najalgadega. Head kaaslased on Carex elata Aurea, Hosta sieboldiana Elegans. V\u00f5ib kasutada pinnakatjana.<\/p>\n<p>Hooldus: Istutamisel lisa k\u00f5dunenud lehekomposti, m\u00e4nniokkamult\u0161i v\u00f5i lihtsalt komposti. L\u00f5ika inetud lehed kevadel, et innustada uut ja v\u00e4rsket kasvu.<\/p>","protected":false},"featured_media":1254,"template":"","meta":[],"product_brand":[],"product_cat":[4406,4401,4399,4412,22],"product_tag":[],"class_list":{"0":"post-1253","1":"product","2":"type-product","3":"status-publish","4":"has-post-thumbnail","6":"product_cat-park","7":"product_cat-pusikud","8":"product_cat-sonajalad","9":"product_cat-varjuaed","10":"product_cat-taimed","11":"pa_haiguskindlus-vaga-hea","12":"pa_kasvukorgus-60-cm","13":"pa_lehestikuvarv-roheline","14":"pa_lehestikuvarv-pronksjaspunane","15":"pa_lisainfo-dekoratiivne-lehestik","16":"pa_lisainfo-sobib-osalise-varjuga-kasvualale","17":"pa_talvekindlus-hea","18":"pa_tsoon-4-9","19":"pa_valguse-tingimused-poolvari","20":"pa_valguse-tingimused-vari","21":"pa_variatsioon-suurem-pott","22":"pa_variatsioon-vaiksem-pott","24":"first","25":"instock","26":"purchasable","27":"product-type-variable"},"acf":[],"_links":{"self":[{"href":"https:\/\/dev.garden.ee\/en\/wp-json\/wp\/v2\/product\/1253","targetHints":{"allow":["GET"]}}],"collection":[{"href":"https:\/\/dev.garden.ee\/en\/wp-json\/wp\/v2\/product"}],"about":[{"href":"https:\/\/dev.garden.ee\/en\/wp-json\/wp\/v2\/types\/product"}],"wp:featuredmedia":[{"embeddable":true,"href":"https:\/\/dev.garden.ee\/en\/wp-json\/wp\/v2\/media\/1254"}],"wp:attachment":[{"href":"https:\/\/dev.garden.ee\/en\/wp-json\/wp\/v2\/media?parent=1253"}],"wp:term":[{"taxonomy":"product_brand","embeddable":true,"href":"https:\/\/dev.garden.ee\/en\/wp-json\/wp\/v2\/product_brand?post=1253"},{"taxonomy":"product_cat","embeddable":true,"href":"https:\/\/dev.garden.ee\/en\/wp-json\/wp\/v2\/product_cat?post=1253"},{"taxonomy":"product_tag","embeddable":true,"href":"https:\/\/dev.garden.ee\/en\/wp-json\/wp\/v2\/product_tag?post=1253"}],"curies":[{"name":"wp","href":"https:\/\/api.w.org\/{rel}","templated":true}]}}