{"id":12517,"date":"2023-01-18T18:50:13","date_gmt":"2023-01-18T16:50:13","guid":{"rendered":"https:\/\/dev.zezz.ee\/garden\/toode\/hyssopus-officinalis-albus-uus\/"},"modified":"2026-02-25T21:05:51","modified_gmt":"2026-02-25T19:05:51","slug":"hyssopus-officinalis-albus","status":"publish","type":"product","link":"https:\/\/dev.garden.ee\/en\/product\/hyssopus-officinalis-albus\/","title":{"rendered":"Hyssopus officinalis &#8216;Albus&#8217;"},"content":{"rendered":"<input class=\"fooboxshare_post_id\" type=\"hidden\" value=\"12517\"\/>","protected":false},"excerpt":{"rendered":"<p>Harilik iisop &#8216;Albus&#8217; on pool-igihaljas p\u00fcstise kujuga puhmikuline. Tuntud maitsetaim. Tema valged, aromaatsed, pikad \u00f5isikuvarred ilmuvad juunis ja \u00f5itsevad kuni k\u00fclmadeni. Lehed on kitsad, hallikasrohelised. Iisop on ideaalne taustataim, sobib h\u00e4sti kiviktaimlasse, massistutuseks v\u00f5i hekina teede \u00e4\u00e4ristamiseks. Kasvada eelistab kuivemas ja p\u00e4ikeselisemas kohas. V\u00f5ib kasvatada ka konteineris.<\/p>","protected":false},"featured_media":24276,"template":"","meta":[],"product_brand":[],"product_cat":[4415,4414,6934,4401,4411,4393,22],"product_tag":[],"class_list":{"0":"post-12517","1":"product","2":"type-product","3":"status-publish","4":"has-post-thumbnail","6":"product_cat-lilleaed","7":"product_cat-lohnaaed","8":"product_cat-mesilassobralik-aed","9":"product_cat-pusikud","10":"product_cat-urdiaed","11":"product_cat-urdid","12":"product_cat-taimed","13":"pa_haiguskindlus-vaga-hea","14":"pa_moodud-k-45-60-90-cm-l-60-cm","15":"pa_oie-varv-valge","16":"pa_oitsemise-aeg-juuni-september","17":"pa_talvekindlus-vaga-hea","18":"pa_tsoon-3-11","19":"pa_variatsioon-suurem-pott","20":"pa_variatsioon-vaiksem-pott","22":"first","23":"instock","24":"purchasable","25":"product-type-variable"},"acf":[],"_links":{"self":[{"href":"https:\/\/dev.garden.ee\/en\/wp-json\/wp\/v2\/product\/12517","targetHints":{"allow":["GET"]}}],"collection":[{"href":"https:\/\/dev.garden.ee\/en\/wp-json\/wp\/v2\/product"}],"about":[{"href":"https:\/\/dev.garden.ee\/en\/wp-json\/wp\/v2\/types\/product"}],"wp:featuredmedia":[{"embeddable":true,"href":"https:\/\/dev.garden.ee\/en\/wp-json\/wp\/v2\/media\/24276"}],"wp:attachment":[{"href":"https:\/\/dev.garden.ee\/en\/wp-json\/wp\/v2\/media?parent=12517"}],"wp:term":[{"taxonomy":"product_brand","embeddable":true,"href":"https:\/\/dev.garden.ee\/en\/wp-json\/wp\/v2\/product_brand?post=12517"},{"taxonomy":"product_cat","embeddable":true,"href":"https:\/\/dev.garden.ee\/en\/wp-json\/wp\/v2\/product_cat?post=12517"},{"taxonomy":"product_tag","embeddable":true,"href":"https:\/\/dev.garden.ee\/en\/wp-json\/wp\/v2\/product_tag?post=12517"}],"curies":[{"name":"wp","href":"https:\/\/api.w.org\/{rel}","templated":true}]}}