{"id":1248,"date":"2023-01-18T17:02:30","date_gmt":"2023-01-18T15:02:30","guid":{"rendered":"https:\/\/dev.zezz.ee\/garden\/toode\/darmera-peltata\/"},"modified":"2026-02-20T15:29:56","modified_gmt":"2026-02-20T13:29:56","slug":"darmera-peltata","status":"publish","type":"product","link":"https:\/\/dev.garden.ee\/en\/product\/darmera-peltata\/","title":{"rendered":"Darmera peltata"},"content":{"rendered":"<input class=\"fooboxshare_post_id\" type=\"hidden\" value=\"1248\"\/>","protected":false},"excerpt":{"rendered":"<p>Huvitav kalda\u00e4\u00e4rne taim, mille hiiglaslikud \u00fcmarad, sakilise \u00e4\u00e4rega lehed moodustavad laia puhma. \u00d5rnad, roosad \u00f5itekobarad t\u00e4rkavad pikkadel paljastel vartel enne lehtede tulekut. V\u00e4limuse poolest on tegemist justkui miniatuurse Gunnera taimega. Lehtedel on v\u00e4ga kaunis punakas s\u00fcgisv\u00e4rvus. Kasvab h\u00e4sti rammusas ja niiskes keskkonnas, n\u00e4iteks kalda\u00e4\u00e4rsetel aladel. Soodsatel kasvutingimustel v\u00f5ib taim kasvada enam kui meetri k\u00f5rguseks ja lehtede l\u00e4bim\u00f5\u00f5t v\u00f5ib olla isegi pool meetrit. Taim vajab m\u00f5nusaks olemiseks palju ruumi. Pikaealine taim, ta v\u00f5ib kasvada \u00fchel kohal aastaid. Taim hakkab \u00f5itsema teisel kasvuaastal.<\/p>","protected":false},"featured_media":1249,"template":"","meta":[],"product_brand":[],"product_cat":[4406,4401,4409,4392,4412,22],"product_tag":[],"class_list":{"0":"post-1248","1":"product","2":"type-product","3":"status-publish","4":"has-post-thumbnail","6":"product_cat-park","7":"product_cat-pusikud","8":"product_cat-tiigiaed","9":"product_cat-tiigitaimed","10":"product_cat-varjuaed","11":"product_cat-taimed","12":"pa_haiguskindlus-vaga-hea","13":"pa_kasvukorgus-90-120-cm","14":"pa_laius-90-120-cm","15":"pa_lisainfo-kaldataim","16":"pa_lisainfo-pilgupuudja","17":"pa_oie-varv-roosa","18":"pa_oitsemise-aeg-juuli","19":"pa_talvekindlus-vaga-hea","20":"pa_tingimused-niiske","21":"pa_tsoon-3-9","22":"pa_valguse-tingimused-paike","23":"pa_valguse-tingimused-poolvari","24":"pa_valguse-tingimused-vari","25":"pa_variatsioon-suurem-pott","26":"pa_variatsioon-vaiksem-pott","28":"first","29":"instock","30":"purchasable","31":"product-type-variable"},"acf":[],"_links":{"self":[{"href":"https:\/\/dev.garden.ee\/en\/wp-json\/wp\/v2\/product\/1248","targetHints":{"allow":["GET"]}}],"collection":[{"href":"https:\/\/dev.garden.ee\/en\/wp-json\/wp\/v2\/product"}],"about":[{"href":"https:\/\/dev.garden.ee\/en\/wp-json\/wp\/v2\/types\/product"}],"wp:featuredmedia":[{"embeddable":true,"href":"https:\/\/dev.garden.ee\/en\/wp-json\/wp\/v2\/media\/1249"}],"wp:attachment":[{"href":"https:\/\/dev.garden.ee\/en\/wp-json\/wp\/v2\/media?parent=1248"}],"wp:term":[{"taxonomy":"product_brand","embeddable":true,"href":"https:\/\/dev.garden.ee\/en\/wp-json\/wp\/v2\/product_brand?post=1248"},{"taxonomy":"product_cat","embeddable":true,"href":"https:\/\/dev.garden.ee\/en\/wp-json\/wp\/v2\/product_cat?post=1248"},{"taxonomy":"product_tag","embeddable":true,"href":"https:\/\/dev.garden.ee\/en\/wp-json\/wp\/v2\/product_tag?post=1248"}],"curies":[{"name":"wp","href":"https:\/\/api.w.org\/{rel}","templated":true}]}}