{"id":12459,"date":"2023-01-18T18:49:47","date_gmt":"2023-01-18T16:49:47","guid":{"rendered":"https:\/\/dev.zezz.ee\/garden\/toode\/echinacea-fiery-meadow-mama\/"},"modified":"2026-02-22T19:41:28","modified_gmt":"2026-02-22T17:41:28","slug":"echinacea-fiery-meadow-mama","status":"publish","type":"product","link":"https:\/\/dev.garden.ee\/en\/product\/echinacea-fiery-meadow-mama\/","title":{"rendered":"Echinacea &#8216;Fiery Meadow Mama&#8217;"},"content":{"rendered":"<input class=\"fooboxshare_post_id\" type=\"hidden\" value=\"12459\"\/>","protected":false},"excerpt":{"rendered":"<p>Siilik\u00fcbara &#8216;Fiery Meadow Mama&#8217; \u00f5ie kroonlehed on s\u00fcdamiku poolt punased, servast kollased. Taim \u00f5itseb terve suve ja meelitab aeda nii mesilasi, liblikaid kui seemnehuvilisi linde. Viimaste tarvis ei tohiks n\u00e4rbunud \u00f5isikut p\u00e4rast \u00f5itsemist maha l\u00f5igata. Siilik\u00fcbarad on p\u00e4ikses\u00f5brad, aga taluvad ka v\u00e4hest varju. Pinnase suhtes ei ole ta v\u00e4ga n\u00f5udlik, kuid hea drenaa\u017e on oluline. Ei talu h\u00e4sti talvist liigniiskust. Uhke efekt tekib massistutusel.\u00a0Hea l\u00f5ikelill.<\/p>","protected":false},"featured_media":22968,"template":"","meta":[],"product_brand":[],"product_cat":[4415,4413,6934,4401,22],"product_tag":[],"class_list":{"0":"post-12459","1":"product","2":"type-product","3":"status-publish","4":"has-post-thumbnail","6":"product_cat-lilleaed","7":"product_cat-loikelilleaed","8":"product_cat-mesilassobralik-aed","9":"product_cat-pusikud","10":"product_cat-taimed","11":"pa_haiguskindlus-hea","12":"pa_kasvukorgus-50-60-cm","13":"pa_laius-45-60-cm","14":"pa_lisainfo-mesilaste-lemmik","15":"pa_lisainfo-sobilik-istutuskasti-jaoks","16":"pa_lisainfo-sobib-loikelilleks","17":"pa_oie-varv-punane","18":"pa_oitsemise-aeg-juuni-august","19":"pa_talvekindlus-keskmine","20":"pa_tingimused-hea-drenaaz","21":"pa_tsoon-4-9","22":"pa_valguse-tingimused-paike","23":"pa_valguse-tingimused-poolvari","24":"pa_variatsioon-suurem-pott","25":"pa_variatsioon-vaiksem-pott","27":"first","28":"instock","29":"purchasable","30":"product-type-variable"},"acf":[],"_links":{"self":[{"href":"https:\/\/dev.garden.ee\/en\/wp-json\/wp\/v2\/product\/12459","targetHints":{"allow":["GET"]}}],"collection":[{"href":"https:\/\/dev.garden.ee\/en\/wp-json\/wp\/v2\/product"}],"about":[{"href":"https:\/\/dev.garden.ee\/en\/wp-json\/wp\/v2\/types\/product"}],"wp:featuredmedia":[{"embeddable":true,"href":"https:\/\/dev.garden.ee\/en\/wp-json\/wp\/v2\/media\/22968"}],"wp:attachment":[{"href":"https:\/\/dev.garden.ee\/en\/wp-json\/wp\/v2\/media?parent=12459"}],"wp:term":[{"taxonomy":"product_brand","embeddable":true,"href":"https:\/\/dev.garden.ee\/en\/wp-json\/wp\/v2\/product_brand?post=12459"},{"taxonomy":"product_cat","embeddable":true,"href":"https:\/\/dev.garden.ee\/en\/wp-json\/wp\/v2\/product_cat?post=12459"},{"taxonomy":"product_tag","embeddable":true,"href":"https:\/\/dev.garden.ee\/en\/wp-json\/wp\/v2\/product_tag?post=12459"}],"curies":[{"name":"wp","href":"https:\/\/api.w.org\/{rel}","templated":true}]}}