{"id":12456,"date":"2023-01-18T18:49:45","date_gmt":"2023-01-18T16:49:45","guid":{"rendered":"https:\/\/dev.zezz.ee\/garden\/toode\/aster-novi-belgii-crimson-brocade-uus\/"},"modified":"2026-02-17T12:24:19","modified_gmt":"2026-02-17T10:24:19","slug":"aster-novi-belgii-crimson-brocade","status":"publish","type":"product","link":"https:\/\/dev.garden.ee\/en\/product\/aster-novi-belgii-crimson-brocade\/","title":{"rendered":"Aster novi-belgii \/ Symphyotrichum novi-belgii &#8216;Crimson Brocade&#8217;"},"content":{"rendered":"<input class=\"fooboxshare_post_id\" type=\"hidden\" value=\"12456\"\/>","protected":false},"excerpt":{"rendered":"<p>S\u00fcgisperioodil rikkalikult \u00f5itsev v\u00e4hen\u00f5udlik ning hea vastupidavusega aster. Hea harunemisega varred kannavad poolt\u00e4idis\u00f5isi, millel kuldne s\u00fcdamik ning tumeroosad kroonlehed. Tumeroheline lehestik on l\u00e4ikiv. Suurep\u00e4rane p\u00e4iksek\u00fcllasesse taimealasse koos teiste p\u00fcsikutega.<\/p>","protected":false},"featured_media":12457,"template":"","meta":[],"product_brand":[],"product_cat":[4415,6934,4401,22],"product_tag":[],"class_list":{"0":"post-12456","1":"product","2":"type-product","3":"status-publish","4":"has-post-thumbnail","6":"product_cat-lilleaed","7":"product_cat-mesilassobralik-aed","8":"product_cat-pusikud","9":"product_cat-taimed","10":"pa_kasvukorgus-70-90-cm","11":"pa_laius-30-cm","12":"pa_lisainfo-mesilaste-lemmik","13":"pa_lisainfo-sobib-osalise-varjuga-kasvualale","14":"pa_oie-varv-magenta","15":"pa_oitsemise-aeg-september-oktoober","16":"pa_talvekindlus-vaga-hea","17":"pa_tingimused-hea-drenaaz","18":"pa_tingimused-niiske","19":"pa_tingimused-viljakas","20":"pa_tsoon-4-9","21":"pa_valguse-tingimused-paike","22":"pa_valguse-tingimused-poolvari","23":"pa_variatsioon-suurem-pott","24":"pa_variatsioon-vaiksem-pott","26":"first","27":"instock","28":"purchasable","29":"product-type-variable"},"acf":[],"_links":{"self":[{"href":"https:\/\/dev.garden.ee\/en\/wp-json\/wp\/v2\/product\/12456","targetHints":{"allow":["GET"]}}],"collection":[{"href":"https:\/\/dev.garden.ee\/en\/wp-json\/wp\/v2\/product"}],"about":[{"href":"https:\/\/dev.garden.ee\/en\/wp-json\/wp\/v2\/types\/product"}],"wp:featuredmedia":[{"embeddable":true,"href":"https:\/\/dev.garden.ee\/en\/wp-json\/wp\/v2\/media\/12457"}],"wp:attachment":[{"href":"https:\/\/dev.garden.ee\/en\/wp-json\/wp\/v2\/media?parent=12456"}],"wp:term":[{"taxonomy":"product_brand","embeddable":true,"href":"https:\/\/dev.garden.ee\/en\/wp-json\/wp\/v2\/product_brand?post=12456"},{"taxonomy":"product_cat","embeddable":true,"href":"https:\/\/dev.garden.ee\/en\/wp-json\/wp\/v2\/product_cat?post=12456"},{"taxonomy":"product_tag","embeddable":true,"href":"https:\/\/dev.garden.ee\/en\/wp-json\/wp\/v2\/product_tag?post=12456"}],"curies":[{"name":"wp","href":"https:\/\/api.w.org\/{rel}","templated":true}]}}