{"id":12434,"date":"2023-01-18T18:49:30","date_gmt":"2023-01-18T16:49:30","guid":{"rendered":"https:\/\/dev.zezz.ee\/garden\/toode\/asclepias-incarnata-ice-ballet-uus\/"},"modified":"2026-02-17T00:52:52","modified_gmt":"2026-02-16T22:52:52","slug":"asclepias-incarnata-ice-ballet","status":"publish","type":"product","link":"https:\/\/dev.garden.ee\/en\/product\/asclepias-incarnata-ice-ballet\/","title":{"rendered":"Asclepias incarnata &#8216;Ice Ballet&#8217;"},"content":{"rendered":"<input class=\"fooboxshare_post_id\" type=\"hidden\" value=\"12434\"\/>","protected":false},"excerpt":{"rendered":"<p id=\"tw-target-text\" class=\"tw-data-text tw-text-large tw-ta\" dir=\"ltr\" data-placeholder=\"T\u00f5lge\"><span class=\"Y2IQFc\" lang=\"et\">&#8216;Ice Ballet&#8217; on kitsaste tumeroheliste lehtedega mitmeaastane taim. V\u00e4ikesed, vanilje j\u00e4rele l\u00f5hnavad valged \u00f5ied kasvavad tihedate kobaratena tugevatel vartel kesksuvest s\u00fcgiseni ja neile j\u00e4rgnevad seemnekaunad, mis l\u00f5henevad ja eraldavad siidise karvaga seemneid.<\/span><\/p>\n<p class=\"tw-data-text tw-text-large tw-ta\" dir=\"ltr\" data-placeholder=\"T\u00f5lge\"><span class=\"Y2IQFc\" lang=\"et\">\u00d5ied meelitavad ligi tolmeldajaid.<\/span><\/p>","protected":false},"featured_media":12435,"template":"","meta":[],"product_brand":[],"product_cat":[4415,6934,4401,22],"product_tag":[],"class_list":{"0":"post-12434","1":"product","2":"type-product","3":"status-publish","4":"has-post-thumbnail","6":"product_cat-lilleaed","7":"product_cat-mesilassobralik-aed","8":"product_cat-pusikud","9":"product_cat-taimed","10":"pa_kasvukorgus-120-150-cm","11":"pa_laius-70-100-cm","12":"pa_lisainfo-mesilaste-lemmik","13":"pa_lohn-lohnav","14":"pa_oie-varv-valge","15":"pa_oitsemise-aeg-juuni-august","16":"pa_talvekindlus-keskmine","17":"pa_tingimused-hea-drenaaz","18":"pa_tingimused-koik-mullatuubid","19":"pa_tingimused-niiske","20":"pa_valguse-tingimused-paike","21":"pa_valguse-tingimused-poolvari","22":"pa_variatsioon-suurem-pott","23":"pa_variatsioon-vaike-pott","25":"first","26":"instock","27":"purchasable","28":"product-type-variable"},"acf":[],"_links":{"self":[{"href":"https:\/\/dev.garden.ee\/en\/wp-json\/wp\/v2\/product\/12434","targetHints":{"allow":["GET"]}}],"collection":[{"href":"https:\/\/dev.garden.ee\/en\/wp-json\/wp\/v2\/product"}],"about":[{"href":"https:\/\/dev.garden.ee\/en\/wp-json\/wp\/v2\/types\/product"}],"wp:featuredmedia":[{"embeddable":true,"href":"https:\/\/dev.garden.ee\/en\/wp-json\/wp\/v2\/media\/12435"}],"wp:attachment":[{"href":"https:\/\/dev.garden.ee\/en\/wp-json\/wp\/v2\/media?parent=12434"}],"wp:term":[{"taxonomy":"product_brand","embeddable":true,"href":"https:\/\/dev.garden.ee\/en\/wp-json\/wp\/v2\/product_brand?post=12434"},{"taxonomy":"product_cat","embeddable":true,"href":"https:\/\/dev.garden.ee\/en\/wp-json\/wp\/v2\/product_cat?post=12434"},{"taxonomy":"product_tag","embeddable":true,"href":"https:\/\/dev.garden.ee\/en\/wp-json\/wp\/v2\/product_tag?post=12434"}],"curies":[{"name":"wp","href":"https:\/\/api.w.org\/{rel}","templated":true}]}}