{"id":12430,"date":"2023-01-18T18:49:26","date_gmt":"2023-01-18T16:49:26","guid":{"rendered":"https:\/\/dev.zezz.ee\/garden\/toode\/achnatherum-calamagrostis-uus\/"},"modified":"2026-02-13T12:46:20","modified_gmt":"2026-02-13T10:46:20","slug":"achnatherum-calamagrostis-uus","status":"publish","type":"product","link":"https:\/\/dev.garden.ee\/en\/product\/achnatherum-calamagrostis-uus\/","title":{"rendered":"Achnatherum calamagrostis \/ Stipa calamagrostis"},"content":{"rendered":"<input class=\"fooboxshare_post_id\" type=\"hidden\" value=\"12430\"\/>","protected":false},"excerpt":{"rendered":"<p id=\"tw-target-text\" class=\"tw-data-text tw-text-large tw-ta\" dir=\"ltr\" data-placeholder=\"T\u00f5lge\"><span class=\"Y2IQFc\" lang=\"et\">Armas ja k\u00f5rreline, v\u00e4ga dekoratiivne aias. Tal on kaarduvad sinakasrohelised kitsad lehed, mille tipus suvel h\u00f5bevalgete lillepungade udu, mis \u00f5\u00f5tsuvad graatsiliselt tuules. Mida vanem taim, seda kollasemad on tema \u00f5ied ja lehed,\u00a0 seda paremini peab vastu ka l\u00e4bi talve.<\/span><\/p>\n<p class=\"tw-data-text tw-text-large tw-ta\" dir=\"ltr\" data-placeholder=\"T\u00f5lge\"><span class=\"Y2IQFc\" lang=\"et\">Sobib h\u00e4sti p\u00fcsikupeenrasse, kus saab teda kergelt kombineerida teiste taimedega nii \u00e4\u00e4riseks kui ka aktsent taimena. Ta vajab v\u00e4he hoolt ja pakub n\u00e4dalate pikkust ilu s\u00fcdasuvest kuni k\u00fclmadeni v\u00e4lja. Taim on p\u00f5uakindel ja kitse kahjustustele vastupidav.<\/span><\/p>","protected":false},"featured_media":12431,"template":"","meta":[],"product_brand":[],"product_cat":[4407,4400,4415,4401,22],"product_tag":[],"class_list":{"0":"post-12430","1":"product","2":"type-product","3":"status-publish","4":"has-post-thumbnail","6":"product_cat-aasad","7":"product_cat-korrelised","8":"product_cat-lilleaed","9":"product_cat-pusikud","10":"product_cat-taimed","11":"pa_moodud-k-60-120-cm","12":"pa_moodud-l-90-120-cm","13":"pa_oie-varv-valge","14":"pa_talvekindlus-vaga-hea","15":"pa_tingimused-hea-drenaaz","16":"pa_tingimused-niiske","17":"pa_tsoon-z-5-9","18":"pa_valguse-tingimused-kerge-vari","19":"pa_valguse-tingimused-paike","20":"pa_variatsioon-suurem-pott","21":"pa_variatsioon-vaiksem-pott","23":"first","24":"instock","25":"purchasable","26":"product-type-variable"},"acf":[],"_links":{"self":[{"href":"https:\/\/dev.garden.ee\/en\/wp-json\/wp\/v2\/product\/12430","targetHints":{"allow":["GET"]}}],"collection":[{"href":"https:\/\/dev.garden.ee\/en\/wp-json\/wp\/v2\/product"}],"about":[{"href":"https:\/\/dev.garden.ee\/en\/wp-json\/wp\/v2\/types\/product"}],"wp:featuredmedia":[{"embeddable":true,"href":"https:\/\/dev.garden.ee\/en\/wp-json\/wp\/v2\/media\/12431"}],"wp:attachment":[{"href":"https:\/\/dev.garden.ee\/en\/wp-json\/wp\/v2\/media?parent=12430"}],"wp:term":[{"taxonomy":"product_brand","embeddable":true,"href":"https:\/\/dev.garden.ee\/en\/wp-json\/wp\/v2\/product_brand?post=12430"},{"taxonomy":"product_cat","embeddable":true,"href":"https:\/\/dev.garden.ee\/en\/wp-json\/wp\/v2\/product_cat?post=12430"},{"taxonomy":"product_tag","embeddable":true,"href":"https:\/\/dev.garden.ee\/en\/wp-json\/wp\/v2\/product_tag?post=12430"}],"curies":[{"name":"wp","href":"https:\/\/api.w.org\/{rel}","templated":true}]}}