{"id":12325,"date":"2023-01-18T18:48:24","date_gmt":"2023-01-18T16:48:24","guid":{"rendered":"https:\/\/dev.zezz.ee\/garden\/toode\/kannasmustikas-spartan-uus\/"},"modified":"2023-03-09T16:30:23","modified_gmt":"2023-03-09T14:30:23","slug":"kannasmustikas-spartan-uus","status":"publish","type":"product","link":"https:\/\/dev.garden.ee\/en\/product\/kannasmustikas-spartan-uus\/","title":{"rendered":"K\u00e4nnasmustikas &#8216;Spartan&#8217;"},"content":{"rendered":"<input class=\"fooboxshare_post_id\" type=\"hidden\" value=\"12325\"\/>","protected":false},"excerpt":{"rendered":"<p>Suurep\u00e4raseid suuri ning maitsvaid vilju kandev sort. Peale marjade valmimist muutub s\u00fcgisene lehestik kaunilt kollastesse, oran\u017eidesse toonidesse. Nagu teistegi k\u00e4nnasmustikate puhul vajab ka see sort parasniisket, happelist mulda, p\u00e4ikselist kasvukohta.<\/p>","protected":false},"featured_media":12326,"template":"","meta":[],"product_brand":[],"product_cat":[4403,4410,4394,22],"product_tag":[],"class_list":{"0":"post-12325","1":"product","2":"type-product","3":"status-publish","4":"has-post-thumbnail","6":"product_cat-kodu","7":"product_cat-tarbeaed","8":"product_cat-viljad-ja-marjad","9":"product_cat-taimed","10":"pa_haiguskindlus-vaga-hea","11":"pa_moodud-k-90-cm-l-60-cm","12":"pa_oitsemise-aeg-mai","13":"pa_vili-magus","14":"pa_vili-suur","15":"pa_vili-tiheda-viljalihaga","16":"pa_vilja-varvus-sinine","18":"first","19":"outofstock","20":"product-type-variable"},"acf":[],"_links":{"self":[{"href":"https:\/\/dev.garden.ee\/en\/wp-json\/wp\/v2\/product\/12325","targetHints":{"allow":["GET"]}}],"collection":[{"href":"https:\/\/dev.garden.ee\/en\/wp-json\/wp\/v2\/product"}],"about":[{"href":"https:\/\/dev.garden.ee\/en\/wp-json\/wp\/v2\/types\/product"}],"wp:featuredmedia":[{"embeddable":true,"href":"https:\/\/dev.garden.ee\/en\/wp-json\/wp\/v2\/media\/12326"}],"wp:attachment":[{"href":"https:\/\/dev.garden.ee\/en\/wp-json\/wp\/v2\/media?parent=12325"}],"wp:term":[{"taxonomy":"product_brand","embeddable":true,"href":"https:\/\/dev.garden.ee\/en\/wp-json\/wp\/v2\/product_brand?post=12325"},{"taxonomy":"product_cat","embeddable":true,"href":"https:\/\/dev.garden.ee\/en\/wp-json\/wp\/v2\/product_cat?post=12325"},{"taxonomy":"product_tag","embeddable":true,"href":"https:\/\/dev.garden.ee\/en\/wp-json\/wp\/v2\/product_tag?post=12325"}],"curies":[{"name":"wp","href":"https:\/\/api.w.org\/{rel}","templated":true}]}}