{"id":12318,"date":"2023-01-18T18:48:20","date_gmt":"2023-01-18T16:48:20","guid":{"rendered":"https:\/\/dev.zezz.ee\/garden\/toode\/paeonia-lactiflora-vogue-uus\/"},"modified":"2026-03-05T11:09:39","modified_gmt":"2026-03-05T09:09:39","slug":"paeonia-lactiflora-vogue","status":"publish","type":"product","link":"https:\/\/dev.garden.ee\/en\/product\/paeonia-lactiflora-vogue\/","title":{"rendered":"Paeonia lactiflora &#8216;Vogue&#8217;"},"content":{"rendered":"<input class=\"fooboxshare_post_id\" type=\"hidden\" value=\"12318\"\/>","protected":false},"excerpt":{"rendered":"<p>V\u00e4ga tugevate vartega sort on \u00f5rnroosade suurte t\u00e4idis\u00f5itega. Meeldivalt aromaatsed \u00f5ied on suurep\u00e4rased ka vaasis.\u00a0Tegemist on 1949.aastal aretatud v\u00e4ga tunnustatud Hollandi sordiga.<\/p>","protected":false},"featured_media":12319,"template":"","meta":[],"product_brand":[],"product_cat":[4415,4414,4413,4401,22],"product_tag":[],"class_list":{"0":"post-12318","1":"product","2":"type-product","3":"status-publish","4":"has-post-thumbnail","6":"product_cat-lilleaed","7":"product_cat-lohnaaed","8":"product_cat-loikelilleaed","9":"product_cat-pusikud","10":"product_cat-taimed","11":"pa_haiguskindlus-vaga-hea","12":"pa_lohn-lohnav","13":"pa_moodud-k-80-cm-l-80-cm","14":"pa_oie-varv-valge","15":"pa_oitsemise-aeg-juuni","16":"pa_talvekindlus-vaga-hea","17":"pa_variatsioon-suurem-pott","18":"pa_variatsioon-vaiksem-pott","20":"first","21":"instock","22":"purchasable","23":"product-type-variable"},"acf":[],"_links":{"self":[{"href":"https:\/\/dev.garden.ee\/en\/wp-json\/wp\/v2\/product\/12318","targetHints":{"allow":["GET"]}}],"collection":[{"href":"https:\/\/dev.garden.ee\/en\/wp-json\/wp\/v2\/product"}],"about":[{"href":"https:\/\/dev.garden.ee\/en\/wp-json\/wp\/v2\/types\/product"}],"wp:featuredmedia":[{"embeddable":true,"href":"https:\/\/dev.garden.ee\/en\/wp-json\/wp\/v2\/media\/12319"}],"wp:attachment":[{"href":"https:\/\/dev.garden.ee\/en\/wp-json\/wp\/v2\/media?parent=12318"}],"wp:term":[{"taxonomy":"product_brand","embeddable":true,"href":"https:\/\/dev.garden.ee\/en\/wp-json\/wp\/v2\/product_brand?post=12318"},{"taxonomy":"product_cat","embeddable":true,"href":"https:\/\/dev.garden.ee\/en\/wp-json\/wp\/v2\/product_cat?post=12318"},{"taxonomy":"product_tag","embeddable":true,"href":"https:\/\/dev.garden.ee\/en\/wp-json\/wp\/v2\/product_tag?post=12318"}],"curies":[{"name":"wp","href":"https:\/\/api.w.org\/{rel}","templated":true}]}}