{"id":12295,"date":"2023-01-18T18:48:06","date_gmt":"2023-01-18T16:48:06","guid":{"rendered":"https:\/\/dev.zezz.ee\/garden\/toode\/macleaya-microcarpa-kelways-coral-plume-uus\/"},"modified":"2026-03-02T20:19:05","modified_gmt":"2026-03-02T18:19:05","slug":"macleaya-microcarpa-kelways-coral-plume","status":"publish","type":"product","link":"https:\/\/dev.garden.ee\/en\/product\/macleaya-microcarpa-kelways-coral-plume\/","title":{"rendered":"Macleaya microcarpa &#8216;Kelway&#8217;s Coral Plume&#8217;"},"content":{"rendered":"<input class=\"fooboxshare_post_id\" type=\"hidden\" value=\"12295\"\/>","protected":false},"excerpt":{"rendered":"<p>K\u00f5rgekasvuline ja kompaktne p\u00fcsik magunaliste sugukonnast. Nende lehed on ilusad ja v\u00e4ga kauni v\u00e4rvitooniga. Suurte \u00fcmarate kuni s\u00fcdajate s\u00fcgavalt h\u00f5lmiste lehtedega, sageli esineb kollane s\u00fcgisv\u00e4rvus. V\u00e4ikesed bee\u017eid kuni roosav\u00e4rvilised \u00f5ied paiknevad suurtes kohevates \u00f5isikutes lopsaka lehestiku kohal. Kasvatatakse soolotaimena v\u00f5i r\u00fchmana ilmestamaks aeda v\u00f5i m\u00fc\u00fcri. Sobib ka vaadete varjamiseks ning struktuuri loomiseks. Varre ja lehemahl on kergelt m\u00fcrgine ning v\u00f5ib p\u00f5hjustada naha\u00e4rritust. Saab paljundada jagamisega ning pistikutega. Annab \u00fcsna h\u00e4sti ka isek\u00fclvi. Soovituslik istutusnorm haljastamisel on 5 taime m2-le. Vajavad viljakat pinnast, mis oleks pidevalt parajalt niiske. Liiga m\u00e4rga kohta makleiad ei armasta. Suureks plussiks on fakt, et toestamist nad ei vaja &#8211; tuulevarjulises kohas seisavad nad ise kenasti p\u00fcsti. Eelistatult peaks kasvukoht olema p\u00e4ikseline. V\u00f5ib olla ka kergelt varjuline. Miinuseks on asjaolu, et makleiad ajavad kaugele eemale roomavaid risoome, mist\u00f5ttu t\u00fctartaimi v\u00f5ib ilmuda k\u00f5ige ootamatumatesse kohtadesse.<\/p>","protected":false},"featured_media":12296,"template":"","meta":[],"product_brand":[],"product_cat":[4415,4401,22],"product_tag":[],"class_list":{"0":"post-12295","1":"product","2":"type-product","3":"status-publish","4":"has-post-thumbnail","6":"product_cat-lilleaed","7":"product_cat-pusikud","8":"product_cat-taimed","9":"pa_haiguskindlus-vaga-hea","10":"pa_moodud-k-15-m-2-m-l-15-m","11":"pa_oie-varv-roosa","12":"pa_oitsemise-aeg-juuni-juuli","13":"pa_talvekindlus-vaga-hea","14":"pa_tsoon-3-10","15":"pa_variatsioon-suurem-pott","16":"pa_variatsioon-vaiksem-pott","18":"first","19":"instock","20":"purchasable","21":"product-type-variable"},"acf":[],"_links":{"self":[{"href":"https:\/\/dev.garden.ee\/en\/wp-json\/wp\/v2\/product\/12295","targetHints":{"allow":["GET"]}}],"collection":[{"href":"https:\/\/dev.garden.ee\/en\/wp-json\/wp\/v2\/product"}],"about":[{"href":"https:\/\/dev.garden.ee\/en\/wp-json\/wp\/v2\/types\/product"}],"wp:featuredmedia":[{"embeddable":true,"href":"https:\/\/dev.garden.ee\/en\/wp-json\/wp\/v2\/media\/12296"}],"wp:attachment":[{"href":"https:\/\/dev.garden.ee\/en\/wp-json\/wp\/v2\/media?parent=12295"}],"wp:term":[{"taxonomy":"product_brand","embeddable":true,"href":"https:\/\/dev.garden.ee\/en\/wp-json\/wp\/v2\/product_brand?post=12295"},{"taxonomy":"product_cat","embeddable":true,"href":"https:\/\/dev.garden.ee\/en\/wp-json\/wp\/v2\/product_cat?post=12295"},{"taxonomy":"product_tag","embeddable":true,"href":"https:\/\/dev.garden.ee\/en\/wp-json\/wp\/v2\/product_tag?post=12295"}],"curies":[{"name":"wp","href":"https:\/\/api.w.org\/{rel}","templated":true}]}}