{"id":12287,"date":"2023-01-18T18:48:00","date_gmt":"2023-01-18T16:48:00","guid":{"rendered":"https:\/\/dev.zezz.ee\/garden\/toode\/lysimachia-vulgaris-uus\/"},"modified":"2026-03-02T16:53:33","modified_gmt":"2026-03-02T14:53:33","slug":"lysimachia-vulgaris","status":"publish","type":"product","link":"https:\/\/dev.garden.ee\/en\/product\/lysimachia-vulgaris\/","title":{"rendered":"Lysimachia vulgaris"},"content":{"rendered":"<input class=\"fooboxshare_post_id\" type=\"hidden\" value=\"12287\"\/>","protected":false},"excerpt":{"rendered":"<p>Harilik metsvits on suurekasvuline p\u00fcstise varrega Eestis k\u00f5ikjal levinud metsataim.\u00a0Metsvitsa lehed asetsevad tavaliselt varrel kolme- v\u00f5i neljakaupa kimbus, \u00f5ied kuldkollased. Kasvab ka poolvarjulises kohtades ja niiskemal mullal, nt\u00a0kraavides, j\u00f5gede ja j\u00e4rvede kallastel, metsades, ka niisketel niitudel.\u00a0 Kuna on Eestis levinud taim, on temal ka mitmeid kastusviise leitud: kasutatakse rahvameditsiinis verejooksu, paisete, palaviku ja skorbuudi vastu, samuti on neid kasutatud vistrikest vabanemiseks. On kasutatud ka veterinaarias. Kogu taimest saab mitmesuguseid v\u00e4rve kollasest mustani nii villa kui ka juuste v\u00e4rvimiseks. Taime p\u00f5letamisel tekkivat suitsu\u00a0 kasutati k\u00e4rbeste peletamiseks, usuti, et suitsul on k\u00e4rbseid surmav toime.<\/p>","protected":false},"featured_media":12288,"template":"","meta":[],"product_brand":[],"product_cat":[4415,6934,4401,4409,4392,22],"product_tag":[],"class_list":{"0":"post-12287","1":"product","2":"type-product","3":"status-publish","4":"has-post-thumbnail","6":"product_cat-lilleaed","7":"product_cat-mesilassobralik-aed","8":"product_cat-pusikud","9":"product_cat-tiigiaed","10":"product_cat-tiigitaimed","11":"product_cat-taimed","12":"pa_haiguskindlus-vaga-hea","13":"pa_moodud-k-90-120-cm-l-60-80-cm","14":"pa_oie-varv-kollane","15":"pa_oitsemise-aeg-juuni-august","16":"pa_talvekindlus-vaga-hea","17":"pa_tsoon-4-10","18":"pa_variatsioon-suurem-pott","20":"first","21":"instock","22":"purchasable","23":"product-type-variable"},"acf":[],"_links":{"self":[{"href":"https:\/\/dev.garden.ee\/en\/wp-json\/wp\/v2\/product\/12287","targetHints":{"allow":["GET"]}}],"collection":[{"href":"https:\/\/dev.garden.ee\/en\/wp-json\/wp\/v2\/product"}],"about":[{"href":"https:\/\/dev.garden.ee\/en\/wp-json\/wp\/v2\/types\/product"}],"wp:featuredmedia":[{"embeddable":true,"href":"https:\/\/dev.garden.ee\/en\/wp-json\/wp\/v2\/media\/12288"}],"wp:attachment":[{"href":"https:\/\/dev.garden.ee\/en\/wp-json\/wp\/v2\/media?parent=12287"}],"wp:term":[{"taxonomy":"product_brand","embeddable":true,"href":"https:\/\/dev.garden.ee\/en\/wp-json\/wp\/v2\/product_brand?post=12287"},{"taxonomy":"product_cat","embeddable":true,"href":"https:\/\/dev.garden.ee\/en\/wp-json\/wp\/v2\/product_cat?post=12287"},{"taxonomy":"product_tag","embeddable":true,"href":"https:\/\/dev.garden.ee\/en\/wp-json\/wp\/v2\/product_tag?post=12287"}],"curies":[{"name":"wp","href":"https:\/\/api.w.org\/{rel}","templated":true}]}}