{"id":12283,"date":"2023-01-18T18:47:58","date_gmt":"2023-01-18T16:47:58","guid":{"rendered":"https:\/\/dev.zezz.ee\/garden\/toode\/red-phenomenon-uus\/"},"modified":"2026-02-09T09:33:13","modified_gmt":"2026-02-09T07:33:13","slug":"red-phenomenon","status":"publish","type":"product","link":"https:\/\/dev.garden.ee\/en\/product\/red-phenomenon\/","title":{"rendered":"Red Phenomenon"},"content":{"rendered":"<input class=\"fooboxshare_post_id\" type=\"hidden\" value=\"12283\"\/>","protected":false},"excerpt":{"rendered":"<p>Keskmise suurusega s\u00fcgavpurpursetel poolt\u00e4idis\u00f5itel on tugev roosi l\u00f5hn. Kaarduvate v\u00f5rsetega, l\u00e4ikiv, kortsus rosa rugosale iseloomulik lehestik. S\u00fcgiseks valmivad \u00f5itsenud \u00f5itest armsad kibuvitsamarjad.<\/p>","protected":false},"featured_media":12284,"template":"","meta":[],"product_brand":[],"product_cat":[4414,9650,6934,4416,4402,22],"product_tag":[9417],"class_list":{"0":"post-12283","1":"product","2":"type-product","3":"status-publish","4":"has-post-thumbnail","6":"product_cat-lohnaaed","7":"product_cat-looduslik-aed","8":"product_cat-mesilassobralik-aed","9":"product_cat-roosiaed","10":"product_cat-roosid","11":"product_cat-taimed","12":"product_tag-soodushind-50","13":"pa_aretus-karl-baum","14":"pa_avalikustamisaasta-saksamaa-2002","15":"pa_haiguskindlus-vaga-hea","16":"pa_kasvukorgus-120-150-cm","17":"pa_laius-70-cm","18":"pa_lisainfo-dekoratiivsed-viljad","19":"pa_lisainfo-mesilaste-lemmik","20":"pa_lisainfo-sobib-lohnaaeda","21":"pa_lisainfo-talvine-ponevus","22":"pa_lohn-tugev","23":"pa_oie-suurus-keskmine","24":"pa_oie-varv-purpurne","25":"pa_oietuup-pooltaidisois","26":"pa_oitsemine-korduvalt-oitsev","27":"pa_sort-looduslik-sort","28":"pa_talvekindlus-vaga-hea","29":"pa_variatsioon-paljasjuurne-ainult-kevadel","30":"pa_variatsioon-potis-4-6l","31":"pa_variatsioon-potis-4-6l-suvel-ja-sugisel","33":"first","34":"instock","35":"sale","36":"purchasable","37":"product-type-variable"},"acf":[],"_links":{"self":[{"href":"https:\/\/dev.garden.ee\/en\/wp-json\/wp\/v2\/product\/12283","targetHints":{"allow":["GET"]}}],"collection":[{"href":"https:\/\/dev.garden.ee\/en\/wp-json\/wp\/v2\/product"}],"about":[{"href":"https:\/\/dev.garden.ee\/en\/wp-json\/wp\/v2\/types\/product"}],"wp:featuredmedia":[{"embeddable":true,"href":"https:\/\/dev.garden.ee\/en\/wp-json\/wp\/v2\/media\/12284"}],"wp:attachment":[{"href":"https:\/\/dev.garden.ee\/en\/wp-json\/wp\/v2\/media?parent=12283"}],"wp:term":[{"taxonomy":"product_brand","embeddable":true,"href":"https:\/\/dev.garden.ee\/en\/wp-json\/wp\/v2\/product_brand?post=12283"},{"taxonomy":"product_cat","embeddable":true,"href":"https:\/\/dev.garden.ee\/en\/wp-json\/wp\/v2\/product_cat?post=12283"},{"taxonomy":"product_tag","embeddable":true,"href":"https:\/\/dev.garden.ee\/en\/wp-json\/wp\/v2\/product_tag?post=12283"}],"curies":[{"name":"wp","href":"https:\/\/api.w.org\/{rel}","templated":true}]}}