{"id":12274,"date":"2023-01-18T18:47:51","date_gmt":"2023-01-18T16:47:51","guid":{"rendered":"https:\/\/dev.zezz.ee\/garden\/toode\/lysimachia-ciliata-firecracker-uus\/"},"modified":"2026-03-02T16:44:50","modified_gmt":"2026-03-02T14:44:50","slug":"lysimachia-ciliata-firecracker","status":"publish","type":"product","link":"https:\/\/dev.garden.ee\/en\/product\/lysimachia-ciliata-firecracker\/","title":{"rendered":"Lysimachia ciliata &#8216;Firecracker&#8217;"},"content":{"rendered":"<input class=\"fooboxshare_post_id\" type=\"hidden\" value=\"12274\"\/>","protected":false},"excerpt":{"rendered":"<p>Sorti eelistatakse punasekarva efektse lehestiku t\u00f5ttu. \u00d5ied on kontrastselt erekollased. Leplik kasvukoha suhtes, kuid paremaks kasvamiseks vajaks savikat, kuid huumusrikast, kergelt happelise reaktsiooniga niiskemat pinnast valgusk\u00fcllasel kasvukohal. Varjulisemal kasvukohal j\u00e4\u00e4b lehestik roheliseks. J\u00f5uliselt juurev\u00f5sudega leviv hea vastupidavusega ja pika \u00f5itsemisajaga sort. Saab h\u00f5lpsasti paljundada juurepistikutega kevadel ja suvel. Isek\u00fclvi puhul v\u00f5ib sordiomane pronksjas lehestik ajapikku muutuda roheliseks. Omaette grupina istutades m\u00f5juvad v\u00e4ga dekoratiivselt. Sobib kasvatamiseks mitmel pool haljastuses ja maakoduaedades suurematel pindadel, t\u00f6\u00f6stusmaastiku ilmestamiseks.<\/p>","protected":false},"featured_media":12275,"template":"","meta":[],"product_brand":[],"product_cat":[4415,4413,6934,4401,4409,4392,22],"product_tag":[],"class_list":{"0":"post-12274","1":"product","2":"type-product","3":"status-publish","4":"has-post-thumbnail","6":"product_cat-lilleaed","7":"product_cat-loikelilleaed","8":"product_cat-mesilassobralik-aed","9":"product_cat-pusikud","10":"product_cat-tiigiaed","11":"product_cat-tiigitaimed","12":"product_cat-taimed","13":"pa_haiguskindlus-vaga-hea","14":"pa_moodud-k-60-90-cm-l-60-90-cm","15":"pa_oie-varv-kollane","16":"pa_oitsemise-aeg-juuni-august","17":"pa_talvekindlus-vaga-hea","18":"pa_tsoon-z-3-8","19":"pa_variatsioon-suurem-pott","20":"pa_variatsioon-vaiksem-pott","22":"first","23":"instock","24":"purchasable","25":"product-type-variable"},"acf":[],"_links":{"self":[{"href":"https:\/\/dev.garden.ee\/en\/wp-json\/wp\/v2\/product\/12274","targetHints":{"allow":["GET"]}}],"collection":[{"href":"https:\/\/dev.garden.ee\/en\/wp-json\/wp\/v2\/product"}],"about":[{"href":"https:\/\/dev.garden.ee\/en\/wp-json\/wp\/v2\/types\/product"}],"wp:featuredmedia":[{"embeddable":true,"href":"https:\/\/dev.garden.ee\/en\/wp-json\/wp\/v2\/media\/12275"}],"wp:attachment":[{"href":"https:\/\/dev.garden.ee\/en\/wp-json\/wp\/v2\/media?parent=12274"}],"wp:term":[{"taxonomy":"product_brand","embeddable":true,"href":"https:\/\/dev.garden.ee\/en\/wp-json\/wp\/v2\/product_brand?post=12274"},{"taxonomy":"product_cat","embeddable":true,"href":"https:\/\/dev.garden.ee\/en\/wp-json\/wp\/v2\/product_cat?post=12274"},{"taxonomy":"product_tag","embeddable":true,"href":"https:\/\/dev.garden.ee\/en\/wp-json\/wp\/v2\/product_tag?post=12274"}],"curies":[{"name":"wp","href":"https:\/\/api.w.org\/{rel}","templated":true}]}}