{"id":12252,"date":"2023-01-18T18:47:35","date_gmt":"2023-01-18T16:47:35","guid":{"rendered":"https:\/\/dev.zezz.ee\/garden\/toode\/fj-grootendorst-uus\/"},"modified":"2026-02-10T18:08:14","modified_gmt":"2026-02-10T16:08:14","slug":"fj-grootendorst-uus","status":"publish","type":"product","link":"https:\/\/dev.garden.ee\/en\/product\/fj-grootendorst-uus\/","title":{"rendered":"Rosa rugosa F. J. Grootendorst"},"content":{"rendered":"<input class=\"fooboxshare_post_id\" type=\"hidden\" value=\"12252\"\/>","protected":false},"excerpt":{"rendered":"<p>Satsilise \u00e4\u00e4rega kroonlehed moodustavad karmiinpunaseid t\u00e4idis\u00f5isi, mis v\u00f5ivad olla veidi sinakad ja mis meenutavad oma v\u00e4limuselt nelgi \u00f5isi. Puhmjas p\u00f5\u00f5sas, mille moodustavad v\u00e4ikesed ja kortsulised lehekesed. Omab palju okkaid ja harjaseid.<\/p>\n<p>V\u00e4ga j\u00f5ulise kasvuga, v\u00f5imalik treenida ka ronima, kuid sobib kasutamiseks ka n\u00e4iteks hekina.<\/p>","protected":false},"featured_media":12253,"template":"","meta":[],"product_brand":[],"product_cat":[4395,4415,4397,4416,4402,22],"product_tag":[9417],"class_list":{"0":"post-12252","1":"product","2":"type-product","3":"status-publish","4":"has-post-thumbnail","6":"product_cat-hekid","7":"product_cat-lilleaed","8":"product_cat-ronitaimed","9":"product_cat-roosiaed","10":"product_cat-roosid","11":"product_cat-taimed","12":"product_tag-soodushind-50","13":"pa_aretus-grootendorst","14":"pa_avalikustamisaasta-3266","15":"pa_haiguskindlus-hea","16":"pa_kasvukorgus-100-cm","17":"pa_laius-80-cm","18":"pa_lisainfo-ideaalne-heki-loomiseks","19":"pa_lisainfo-sobib-kasutamiseks-roniroosina","20":"pa_lohn-orn","21":"pa_oie-suurus-keskmine","22":"pa_oie-varv-punane","23":"pa_oietuup-taidisois","24":"pa_oitsemine-korduvalt-oitsev","25":"pa_sort-poosasroos","26":"pa_taimede-arvestus-ruutmeetri-1-2","27":"pa_talvekindlus-vaga-hea","28":"pa_variatsioon-paljasjuurne-ainult-kevadel","29":"pa_variatsioon-potis-4-6l","30":"pa_variatsioon-potis-4-6l-suvel-ja-sugisel","31":"pa_variatsioon-potis-4-6l-soodushind-50","33":"first","34":"instock","35":"sale","36":"purchasable","37":"product-type-variable"},"acf":[],"_links":{"self":[{"href":"https:\/\/dev.garden.ee\/en\/wp-json\/wp\/v2\/product\/12252","targetHints":{"allow":["GET"]}}],"collection":[{"href":"https:\/\/dev.garden.ee\/en\/wp-json\/wp\/v2\/product"}],"about":[{"href":"https:\/\/dev.garden.ee\/en\/wp-json\/wp\/v2\/types\/product"}],"wp:featuredmedia":[{"embeddable":true,"href":"https:\/\/dev.garden.ee\/en\/wp-json\/wp\/v2\/media\/12253"}],"wp:attachment":[{"href":"https:\/\/dev.garden.ee\/en\/wp-json\/wp\/v2\/media?parent=12252"}],"wp:term":[{"taxonomy":"product_brand","embeddable":true,"href":"https:\/\/dev.garden.ee\/en\/wp-json\/wp\/v2\/product_brand?post=12252"},{"taxonomy":"product_cat","embeddable":true,"href":"https:\/\/dev.garden.ee\/en\/wp-json\/wp\/v2\/product_cat?post=12252"},{"taxonomy":"product_tag","embeddable":true,"href":"https:\/\/dev.garden.ee\/en\/wp-json\/wp\/v2\/product_tag?post=12252"}],"curies":[{"name":"wp","href":"https:\/\/api.w.org\/{rel}","templated":true}]}}