{"id":12235,"date":"2023-01-18T18:47:22","date_gmt":"2023-01-18T16:47:22","guid":{"rendered":"https:\/\/dev.zezz.ee\/garden\/toode\/psychedelic-uudis\/"},"modified":"2026-02-08T21:14:23","modified_gmt":"2026-02-08T19:14:23","slug":"psychedelic","status":"publish","type":"product","link":"https:\/\/dev.garden.ee\/en\/product\/psychedelic\/","title":{"rendered":"Psychedelic"},"content":{"rendered":"<input class=\"fooboxshare_post_id\" type=\"hidden\" value=\"12235\"\/>","protected":false},"excerpt":{"rendered":"<p>Armsate poolt\u00e4idis\u00f5itega sort on meeldivalt v\u00fcrtsika l\u00f5hnaga, meelitades aeda erinevaid tolmeldajaid. T\u00e4nu oma kompaktsele vormile sobib suurep\u00e4raselt ka potti v\u00f5i taimekasti. Pooll\u00e4ikiv tumeroheline lehestik.<\/p>","protected":false},"featured_media":12236,"template":"","meta":[],"product_brand":[],"product_cat":[9637,4415,6934,4416,4402,22],"product_tag":[9417],"class_list":{"0":"post-12235","1":"product","2":"type-product","3":"status-publish","4":"has-post-thumbnail","6":"product_cat-istutuskast","7":"product_cat-lilleaed","8":"product_cat-mesilassobralik-aed","9":"product_cat-roosiaed","10":"product_cat-roosid","11":"product_cat-taimed","12":"product_tag-soodushind-50","13":"pa_aretus-weeks-roses","14":"pa_avalikustamisaasta-2521","15":"pa_haiguskindlus-vaga-hea","16":"pa_kasvukorgus-50-80-cm","17":"pa_laius-60-cm","18":"pa_lisainfo-mesilaste-lemmik","19":"pa_lisainfo-sobilik-istutuskasti-jaoks","20":"pa_lohn-keskmine","21":"pa_oie-varv-lillakasroosa","22":"pa_oie-varv-roosa","23":"pa_oietuup-pooltaidisois","24":"pa_oitsemine-korduvalt-oitsev","25":"pa_sort-floribund-ehk-paljuoieline-roos","26":"pa_taimede-arvestus-ruutmeetri-9219","27":"pa_talvekindlus-vaga-hea","28":"pa_variatsioon-paljasjuurne-ainult-kevadel","29":"pa_variatsioon-potis-4-6l","30":"pa_variatsioon-potis-4-6l-suvel-ja-sugisel","32":"first","33":"instock","34":"sale","35":"purchasable","36":"product-type-variable"},"acf":[],"_links":{"self":[{"href":"https:\/\/dev.garden.ee\/en\/wp-json\/wp\/v2\/product\/12235","targetHints":{"allow":["GET"]}}],"collection":[{"href":"https:\/\/dev.garden.ee\/en\/wp-json\/wp\/v2\/product"}],"about":[{"href":"https:\/\/dev.garden.ee\/en\/wp-json\/wp\/v2\/types\/product"}],"wp:featuredmedia":[{"embeddable":true,"href":"https:\/\/dev.garden.ee\/en\/wp-json\/wp\/v2\/media\/12236"}],"wp:attachment":[{"href":"https:\/\/dev.garden.ee\/en\/wp-json\/wp\/v2\/media?parent=12235"}],"wp:term":[{"taxonomy":"product_brand","embeddable":true,"href":"https:\/\/dev.garden.ee\/en\/wp-json\/wp\/v2\/product_brand?post=12235"},{"taxonomy":"product_cat","embeddable":true,"href":"https:\/\/dev.garden.ee\/en\/wp-json\/wp\/v2\/product_cat?post=12235"},{"taxonomy":"product_tag","embeddable":true,"href":"https:\/\/dev.garden.ee\/en\/wp-json\/wp\/v2\/product_tag?post=12235"}],"curies":[{"name":"wp","href":"https:\/\/api.w.org\/{rel}","templated":true}]}}