{"id":12220,"date":"2023-01-18T18:47:10","date_gmt":"2023-01-18T16:47:10","guid":{"rendered":"https:\/\/dev.zezz.ee\/garden\/toode\/primula-veris-uus\/"},"modified":"2026-03-07T12:12:31","modified_gmt":"2026-03-07T10:12:31","slug":"primula-veris","status":"publish","type":"product","link":"https:\/\/dev.garden.ee\/en\/product\/primula-veris\/","title":{"rendered":"Primula veris"},"content":{"rendered":"<input class=\"fooboxshare_post_id\" type=\"hidden\" value=\"12220\"\/>","protected":false},"excerpt":{"rendered":"<p>Harilik nurmenukk on teada-tuntud p\u00fcsik nii vabas looduses kui ka aedades.\u00a0On vastupidav ja v\u00e4hen\u00f5udlik. Eelistab osaliselt varjus, niiske mullaga kasvukohta. Nurmenukk meelitab ligi tolmeldajaid, olles suurep\u00e4raseks meetaimeks. Tema \u00f5itest saab tervisliku kuldkollase tee, C-vitamiinirikastest lehtedest maitsvaid salateid ning risoomi kasutatakse ravimtaimena. Nurmenukk ravib nt k\u00f6ha, peap\u00f6\u00f6ritust, k\u00f5hukinnisust, reumavalusid, leevendab v\u00e4simust ning on tugeva higistama ajava toimega. \u00d5isi ja lehti korjatakse \u00f5itsemise ajal, risoomi s\u00fcgisel peale taime n\u00e4rbumist.\u00a0Jagamiseks on parim aeg varas\u00fcgisel. On hea iseseemenduja, kuid seemned valmivad pikalt &#8211; s\u00fcgiseks.\u00a0Talub p\u00e4ris h\u00e4sti niitmist tingimusel, et niiduk\u00f5rgus on \u00fcle 5 cm. Seega saab teda kasvatada ka lillemurus.<\/p>","protected":false},"featured_media":12221,"template":"","meta":[],"product_brand":[],"product_cat":[4406,4401,4409,4392,4412,22],"product_tag":[],"class_list":{"0":"post-12220","1":"product","2":"type-product","3":"status-publish","4":"has-post-thumbnail","6":"product_cat-park","7":"product_cat-pusikud","8":"product_cat-tiigiaed","9":"product_cat-tiigitaimed","10":"product_cat-varjuaed","11":"product_cat-taimed","12":"pa_haiguskindlus-vaga-hea","13":"pa_moodud-k-20-25-cm-l-25-30-cm","14":"pa_oie-varv-kollane","15":"pa_oitsemise-aeg-mai","16":"pa_talvekindlus-vaga-hea","17":"pa_tsoon-3-9","18":"pa_variatsioon-suurem-pott","19":"pa_variatsioon-vaiksem-pott","21":"first","22":"instock","23":"purchasable","24":"product-type-variable"},"acf":[],"_links":{"self":[{"href":"https:\/\/dev.garden.ee\/en\/wp-json\/wp\/v2\/product\/12220","targetHints":{"allow":["GET"]}}],"collection":[{"href":"https:\/\/dev.garden.ee\/en\/wp-json\/wp\/v2\/product"}],"about":[{"href":"https:\/\/dev.garden.ee\/en\/wp-json\/wp\/v2\/types\/product"}],"wp:featuredmedia":[{"embeddable":true,"href":"https:\/\/dev.garden.ee\/en\/wp-json\/wp\/v2\/media\/12221"}],"wp:attachment":[{"href":"https:\/\/dev.garden.ee\/en\/wp-json\/wp\/v2\/media?parent=12220"}],"wp:term":[{"taxonomy":"product_brand","embeddable":true,"href":"https:\/\/dev.garden.ee\/en\/wp-json\/wp\/v2\/product_brand?post=12220"},{"taxonomy":"product_cat","embeddable":true,"href":"https:\/\/dev.garden.ee\/en\/wp-json\/wp\/v2\/product_cat?post=12220"},{"taxonomy":"product_tag","embeddable":true,"href":"https:\/\/dev.garden.ee\/en\/wp-json\/wp\/v2\/product_tag?post=12220"}],"curies":[{"name":"wp","href":"https:\/\/api.w.org\/{rel}","templated":true}]}}