{"id":12187,"date":"2023-01-18T18:46:47","date_gmt":"2023-01-18T16:46:47","guid":{"rendered":"https:\/\/dev.zezz.ee\/garden\/toode\/geranium-macrorrhizum-bevans-variety-uus\/"},"modified":"2026-02-24T12:23:29","modified_gmt":"2026-02-24T10:23:29","slug":"geranium-macrorrhizum-bevans-variety","status":"publish","type":"product","link":"https:\/\/dev.garden.ee\/en\/product\/geranium-macrorrhizum-bevans-variety\/","title":{"rendered":"Geranium macrorrhizum &#8216;Bevan&#8217;s Variety&#8217;"},"content":{"rendered":"<input class=\"fooboxshare_post_id\" type=\"hidden\" value=\"12187\"\/>","protected":false},"excerpt":{"rendered":"<p>Risoomikas kurereha on samaaegselt nii n\u00e4gus kui ka praktiline p\u00fcsik. Tegemist on kiirekasvulise, kuid maa-aluste risoomidega aeglaselt leviva pinnakattetaimega, mis kasvab \u00fchtviisi h\u00e4sti nii p\u00e4ikeses, poolvarjus kui ka varjus.<\/p>\n<p>Madala, kuni 30cm k\u00f5rguse puhmiku helerohelised, \u00fcmarad ja aromaatsed lehed katavad tihedalt maapinna, moodustades n\u00f5nda elava mult\u0161i. Maikuus ilmuvad lehestiku kohale intensiivset magentaroosat v\u00e4rvi kuni 2,5cm l\u00e4bim\u00f5\u00f5duga \u00f5ied, mis meeldivad v\u00e4ga liblikatele. S\u00fcgisel omandab kurereha tihe lehestik ilusa punaka tooni.<\/p>\n<p>K\u00fclmakindlat ja hooldusvaba \u2018Bevan\u2019s Variety\u2019 kurereha v\u00f5ib istutada nii p\u00fcsikupeenardele, kiviktaimlatesse, puude ja p\u00f5\u00f5saste alla. Sobib ideaalselt n\u00e4iteks elavaks mult\u0161iks roosip\u00f5\u00f5saste alla, aga ka sibullillepeenrasse, kus taime tihe roheline lehestik varjab edukalt koltunud sibullillelehti. Taimi mahub ruutmeetrile 3-5 ning nende istutuskaugus v\u00f5iks olla 60cm.<\/p>\n<p>\u2018Bevan\u2019s Variety\u2019 ei ole pinnase suhets n\u00f5udlik, peaasi, et see h\u00e4sti vett l\u00e4bi laseks. Hirve-, j\u00e4nese- ja p\u00f5uakindel.<\/p>\n<p>Paljundamine kevadel, jagamise teel.<\/p>","protected":false},"featured_media":12188,"template":"","meta":[],"product_brand":[],"product_cat":[9503,4415,6934,4406,9200,4401,4416,22],"product_tag":[],"class_list":{"0":"post-12187","1":"product","2":"type-product","3":"status-publish","4":"has-post-thumbnail","6":"product_cat-kiviktaimla","7":"product_cat-lilleaed","8":"product_cat-mesilassobralik-aed","9":"product_cat-park","10":"product_cat-pinnakatjad","11":"product_cat-pusikud","12":"product_cat-roosiaed","13":"product_cat-taimed","14":"pa_kasvukorgus-20-30-cm","15":"pa_laius-45-60-cm","16":"pa_lohn-kogu-taim-on-aromaatne","17":"pa_oie-varv-magenta","18":"pa_oitsemise-aeg-mai-juuli","19":"pa_tsoon-z-3-8","20":"pa_variatsioon-suurem-pott","21":"pa_variatsioon-vaiksem-pott","23":"first","24":"instock","25":"purchasable","26":"product-type-variable"},"acf":[],"_links":{"self":[{"href":"https:\/\/dev.garden.ee\/en\/wp-json\/wp\/v2\/product\/12187","targetHints":{"allow":["GET"]}}],"collection":[{"href":"https:\/\/dev.garden.ee\/en\/wp-json\/wp\/v2\/product"}],"about":[{"href":"https:\/\/dev.garden.ee\/en\/wp-json\/wp\/v2\/types\/product"}],"wp:featuredmedia":[{"embeddable":true,"href":"https:\/\/dev.garden.ee\/en\/wp-json\/wp\/v2\/media\/12188"}],"wp:attachment":[{"href":"https:\/\/dev.garden.ee\/en\/wp-json\/wp\/v2\/media?parent=12187"}],"wp:term":[{"taxonomy":"product_brand","embeddable":true,"href":"https:\/\/dev.garden.ee\/en\/wp-json\/wp\/v2\/product_brand?post=12187"},{"taxonomy":"product_cat","embeddable":true,"href":"https:\/\/dev.garden.ee\/en\/wp-json\/wp\/v2\/product_cat?post=12187"},{"taxonomy":"product_tag","embeddable":true,"href":"https:\/\/dev.garden.ee\/en\/wp-json\/wp\/v2\/product_tag?post=12187"}],"curies":[{"name":"wp","href":"https:\/\/api.w.org\/{rel}","templated":true}]}}