{"id":12127,"date":"2023-01-18T18:46:13","date_gmt":"2023-01-18T16:46:13","guid":{"rendered":"https:\/\/dev.zezz.ee\/garden\/toode\/helleborus-orientalis-wilgenbroek-slaty-blue-uus\/"},"modified":"2026-02-24T21:37:03","modified_gmt":"2026-02-24T19:37:03","slug":"helleborus-orientalis-wilgenbroek-slaty-blue","status":"publish","type":"product","link":"https:\/\/dev.garden.ee\/en\/product\/helleborus-orientalis-wilgenbroek-slaty-blue\/","title":{"rendered":"Helleborus orientalis &#8216;Wilgenbroek Slaty Blue&#8217;"},"content":{"rendered":"<input class=\"fooboxshare_post_id\" type=\"hidden\" value=\"12127\"\/>","protected":false},"excerpt":{"rendered":"<p>Lumeroosid on \u00fched t\u00e4nuv\u00e4\u00e4rsed lilled, mis r\u00f5\u00f5mustavad meid varakevadel isegi enne sibullillede t\u00e4rkamist. &#8216;Wilgenbroek Slaty Blue\u2019 on suurep\u00e4rane valik tumeda\u00f5ieliste lumerooside armastajaile. Tumesiniste ploomikarva soonestikuga kroonlehed loovad kauni kontrasti roheka s\u00fcdamiku ja\u00a0erkkollaste tolmukatega. \u00d5ied k\u00f5rguvad tumeroheliste nahkjate lehtede kohal, mis moodustavad kena tiheda puhma.<\/p>\n<p>Taim on vastupidav ja pikaealine, eelistades parasniisket huumusrikka pinnasega poolvarjulist v\u00f5i varjulist kasvukohta ning s\u00fcgiseti v\u00f5iks teda mult\u0161ida rammusa kompostiga.<\/p>","protected":false},"featured_media":12128,"template":"","meta":[],"product_brand":[],"product_cat":[6934,4406,4401,4412,22],"product_tag":[],"class_list":{"0":"post-12127","1":"product","2":"type-product","3":"status-publish","4":"has-post-thumbnail","6":"product_cat-mesilassobralik-aed","7":"product_cat-park","8":"product_cat-pusikud","9":"product_cat-varjuaed","10":"product_cat-taimed","11":"pa_oie-varv-sinine","12":"pa_oitsemise-aeg-marts-aprill","13":"pa_tsoon-634","14":"pa_variatsioon-suurem-pott","15":"pa_variatsioon-vaiksem-pott","17":"first","18":"onbackorder","19":"purchasable","20":"product-type-variable"},"acf":[],"_links":{"self":[{"href":"https:\/\/dev.garden.ee\/en\/wp-json\/wp\/v2\/product\/12127","targetHints":{"allow":["GET"]}}],"collection":[{"href":"https:\/\/dev.garden.ee\/en\/wp-json\/wp\/v2\/product"}],"about":[{"href":"https:\/\/dev.garden.ee\/en\/wp-json\/wp\/v2\/types\/product"}],"wp:featuredmedia":[{"embeddable":true,"href":"https:\/\/dev.garden.ee\/en\/wp-json\/wp\/v2\/media\/12128"}],"wp:attachment":[{"href":"https:\/\/dev.garden.ee\/en\/wp-json\/wp\/v2\/media?parent=12127"}],"wp:term":[{"taxonomy":"product_brand","embeddable":true,"href":"https:\/\/dev.garden.ee\/en\/wp-json\/wp\/v2\/product_brand?post=12127"},{"taxonomy":"product_cat","embeddable":true,"href":"https:\/\/dev.garden.ee\/en\/wp-json\/wp\/v2\/product_cat?post=12127"},{"taxonomy":"product_tag","embeddable":true,"href":"https:\/\/dev.garden.ee\/en\/wp-json\/wp\/v2\/product_tag?post=12127"}],"curies":[{"name":"wp","href":"https:\/\/api.w.org\/{rel}","templated":true}]}}