{"id":12125,"date":"2023-01-18T18:46:12","date_gmt":"2023-01-18T16:46:12","guid":{"rendered":"https:\/\/dev.zezz.ee\/garden\/toode\/helleborus-x-ericsmithii-snow-love-uus\/"},"modified":"2026-02-24T21:42:30","modified_gmt":"2026-02-24T19:42:30","slug":"helleborus-snow-love","status":"publish","type":"product","link":"https:\/\/dev.garden.ee\/en\/product\/helleborus-snow-love\/","title":{"rendered":"Helleborus &#8216;Snow Love&#8217;"},"content":{"rendered":"<input class=\"fooboxshare_post_id\" type=\"hidden\" value=\"12125\"\/>","protected":false},"excerpt":{"rendered":"<p>Lumeroos on aias \u00fcks esimesi kevadekuulutajaid ning `Snow Love`, mille aretajaks on Belgia lumeroosi asjatundja Thierry van Paemel, on teistest sortidest varajasem. Hallikasroheliste nahkjate lehtede kohale v\u00f5ivad juba m\u00e4rtsis ilmuda suured heledad kreemikas-kollased liht\u00f5ied, mis p\u00fcsivad taimel pikalt ning omandavad aegamisi huvitava laimirohelise varjundi.<\/p>\n<p><em>Helleborus<\/em> eelistab parasniisket huumusrikka pinnasega poolvarjulist v\u00f5i varjulist kasvukohta ning s\u00fcgiseti v\u00f5iks teda mult\u0161ida rammusa kompostiga. Ajapikku moodustub taimest suur puhmik, mida v\u00f5iks s\u00fcgisel ettevaatlikult jagada, v\u00e4ltides uute \u00f5iepungade kahjustamist.<\/p>","protected":false},"featured_media":12126,"template":"","meta":[],"product_brand":[],"product_cat":[6934,4406,4401,4412,22],"product_tag":[],"class_list":{"0":"post-12125","1":"product","2":"type-product","3":"status-publish","4":"has-post-thumbnail","6":"product_cat-mesilassobralik-aed","7":"product_cat-park","8":"product_cat-pusikud","9":"product_cat-varjuaed","10":"product_cat-taimed","11":"pa_moodud-k-45-cm-l-50-100-cm","12":"pa_oie-varv-roheline","13":"pa_oitsemise-aeg-marts-mai","14":"pa_tsoon-z-4-9","15":"pa_variatsioon-suurem-pott","16":"pa_variatsioon-vaiksem-pott","18":"first","19":"onbackorder","20":"purchasable","21":"product-type-variable"},"acf":[],"_links":{"self":[{"href":"https:\/\/dev.garden.ee\/en\/wp-json\/wp\/v2\/product\/12125","targetHints":{"allow":["GET"]}}],"collection":[{"href":"https:\/\/dev.garden.ee\/en\/wp-json\/wp\/v2\/product"}],"about":[{"href":"https:\/\/dev.garden.ee\/en\/wp-json\/wp\/v2\/types\/product"}],"wp:featuredmedia":[{"embeddable":true,"href":"https:\/\/dev.garden.ee\/en\/wp-json\/wp\/v2\/media\/12126"}],"wp:attachment":[{"href":"https:\/\/dev.garden.ee\/en\/wp-json\/wp\/v2\/media?parent=12125"}],"wp:term":[{"taxonomy":"product_brand","embeddable":true,"href":"https:\/\/dev.garden.ee\/en\/wp-json\/wp\/v2\/product_brand?post=12125"},{"taxonomy":"product_cat","embeddable":true,"href":"https:\/\/dev.garden.ee\/en\/wp-json\/wp\/v2\/product_cat?post=12125"},{"taxonomy":"product_tag","embeddable":true,"href":"https:\/\/dev.garden.ee\/en\/wp-json\/wp\/v2\/product_tag?post=12125"}],"curies":[{"name":"wp","href":"https:\/\/api.w.org\/{rel}","templated":true}]}}