{"id":12119,"date":"2023-01-18T18:46:08","date_gmt":"2023-01-18T16:46:08","guid":{"rendered":"https:\/\/dev.zezz.ee\/garden\/toode\/echinacea-pallida-hula-dancer-uus\/"},"modified":"2026-02-22T19:53:05","modified_gmt":"2026-02-22T17:53:05","slug":"echinacea-pallida-hula-dancer","status":"publish","type":"product","link":"https:\/\/dev.garden.ee\/en\/product\/echinacea-pallida-hula-dancer\/","title":{"rendered":"Echinacea pallida &#8216;Hula Dancer&#8217;"},"content":{"rendered":"<input class=\"fooboxshare_post_id\" type=\"hidden\" value=\"12119\"\/>","protected":false},"excerpt":{"rendered":"<p>Tuntud aiadisaineri Piet Oudolfi suur lemmik, kahkjas siilk\u00fcbar &#8216;Hula Dancer&#8217; on omap\u00e4rse v\u00e4limusega p\u00fcsik, mis \u00f5itseb suve teisel poolel sulgpallikujuliste, kergelt l\u00f5hnavate, valgete \u00f5itega. Kitsastel ja pikkadel longus \u00f5ielehtedel v\u00f5ib l\u00e4hemal vaatlusel m\u00e4rgata \u00f5rna roosakat \u00f5hetust. Tema tugevad varred ja piklikud kitsad lehed on veidi karvased ning matti oliivirohelist tooni.<\/p>\n<p>See \u00f5huline ja elegantne \u00f5itseja p\u00e4rineb, nagu k\u00f5ik siilk\u00fcbarad, P\u00f5hja-Ameerika preeriatest ning on vastupidav nii k\u00fclmale kui ka p\u00f5uale; lisaks talub ta erinevaid mulla- ja valgustingimusi, kuid k\u00f5ige rohkemalt \u00f5itseb siiski t\u00e4isp\u00e4ikeses.<\/p>\n<p>Nagu k\u00f5ik <em>echinacead<\/em>, meelitab ka &#8216;Hula Dancer&#8217; aeda hulgaliselt mesilasi, liblikaid ja muid tolmeldajaid.<\/p>\n<p>Paljundamine k\u00e4ib tavaliselt puhmiku jagamise teel (umbes iga nelja aasta tagant), kuid taim paljuneb edukalt ka isek\u00fclvi teel. Sobib l\u00f5ikelilleks.<\/p>","protected":false},"featured_media":12120,"template":"","meta":[],"product_brand":[],"product_cat":[4415,4413,6934,4401,22],"product_tag":[],"class_list":{"0":"post-12119","1":"product","2":"type-product","3":"status-publish","4":"has-post-thumbnail","6":"product_cat-lilleaed","7":"product_cat-loikelilleaed","8":"product_cat-mesilassobralik-aed","9":"product_cat-pusikud","10":"product_cat-taimed","11":"pa_kasvukorgus-75-cm","12":"pa_laius-60-cm","13":"pa_lisainfo-mesilaste-lemmik","14":"pa_lisainfo-sobib-loikelilleks","15":"pa_lisainfo-talub-pouda","16":"pa_lohn-orn","17":"pa_oie-varv-valge","18":"pa_oitsemise-aeg-juuli-september","19":"pa_talvekindlus-vaga-hea","20":"pa_tingimused-hea-drenaaz","21":"pa_tingimused-koik-mullatuubid","22":"pa_tingimused-kuiv","23":"pa_tingimused-parasniiske","24":"pa_tsoon-3-10","25":"pa_valguse-tingimused-paike","26":"pa_valguse-tingimused-poolvari","27":"pa_variatsioon-suurem-pott","28":"pa_variatsioon-vaiksem-pott","30":"first","31":"instock","32":"purchasable","33":"product-type-variable"},"acf":[],"_links":{"self":[{"href":"https:\/\/dev.garden.ee\/en\/wp-json\/wp\/v2\/product\/12119","targetHints":{"allow":["GET"]}}],"collection":[{"href":"https:\/\/dev.garden.ee\/en\/wp-json\/wp\/v2\/product"}],"about":[{"href":"https:\/\/dev.garden.ee\/en\/wp-json\/wp\/v2\/types\/product"}],"wp:featuredmedia":[{"embeddable":true,"href":"https:\/\/dev.garden.ee\/en\/wp-json\/wp\/v2\/media\/12120"}],"wp:attachment":[{"href":"https:\/\/dev.garden.ee\/en\/wp-json\/wp\/v2\/media?parent=12119"}],"wp:term":[{"taxonomy":"product_brand","embeddable":true,"href":"https:\/\/dev.garden.ee\/en\/wp-json\/wp\/v2\/product_brand?post=12119"},{"taxonomy":"product_cat","embeddable":true,"href":"https:\/\/dev.garden.ee\/en\/wp-json\/wp\/v2\/product_cat?post=12119"},{"taxonomy":"product_tag","embeddable":true,"href":"https:\/\/dev.garden.ee\/en\/wp-json\/wp\/v2\/product_tag?post=12119"}],"curies":[{"name":"wp","href":"https:\/\/api.w.org\/{rel}","templated":true}]}}