{"id":12116,"date":"2023-01-18T18:46:07","date_gmt":"2023-01-18T16:46:07","guid":{"rendered":"https:\/\/dev.zezz.ee\/garden\/toode\/physocarpus-opulifolius-little-devil-donna-may-uus\/"},"modified":"2023-03-21T14:34:51","modified_gmt":"2023-03-21T12:34:51","slug":"physocarpus-opulifolius-little-devil-donna-may-uus","status":"publish","type":"product","link":"https:\/\/dev.garden.ee\/en\/product\/physocarpus-opulifolius-little-devil-donna-may-uus\/","title":{"rendered":"Physocarpus opulifolius &#8216;Little Devil\u2019 (\u00b4Donna May`)"},"content":{"rendered":"<input class=\"fooboxshare_post_id\" type=\"hidden\" value=\"12116\"\/>","protected":false},"excerpt":{"rendered":"<p>Madalakasvuline, kompaktse \u00fcmara kujuga lodjapuulehine p\u00f5isenelas `Little Devil` on tuntud ka `Donna May`\u00a0nime all. Tegemist on purpurse tooniga tumedalehise kena ilup\u00f5\u00f5saga, mis \u00f5itseb varasuvel kahvaturoosade \u00fcmarate \u00f5iekobaratega. Nii \u00f5ied kui ka s\u00fcgisel oksi kaunistavad s\u00fcgavpunased marjakobarad loovad tumeda lehestiku taustal kauni kontrasti. Lisaks sellele ilmestab t\u00e4iskasvanud p\u00f5\u00f5saste oksi paberjas kestendav koor, mis lisab peenardele p\u00f5nevust ka talvel, kui maa on valge.<\/p>\n<p>Oma v\u00e4ikese kasvu t\u00f5ttu on ta suurep\u00e4rane lisand p\u00fcsikupeenardesse ning m\u00f5jub eriti v\u00f5luvalt kombineerituna kollase v\u00f5i laimirohelise lehestikuga taimedega. V\u00f5ib kasvatada nii \u00fcksikult kui ka gruppidena, sobib ka madala vabakujulise heki kujundamiseks. P\u00f5\u00f5sas saab h\u00e4sti hakkama ka suuremates istutuskastides v\u00f5i lillepottides, olles seega ideaalne valik v\u00e4ikeaeda, r\u00f5dule v\u00f5i terrassile.<\/p>\n<p>`Little Devil` on leplik igasuguste mullat\u00fc\u00fcpide suhtes, kuid k\u00f5ige paremini kasvab parasniiskes hea drenaa\u017eiga kergelt happelises pinnases, p\u00e4ikeses v\u00f5i poolvarjus. P\u00fcgada v\u00f5ib p\u00f5\u00f5sast igal ajal, ka peale \u00f5itsemist, et esile kustuda uute erksav\u00e4rviliste v\u00f5rsete teket.<\/p>\n<p>&nbsp;<\/p>","protected":false},"featured_media":12117,"template":"","meta":[],"product_brand":[],"product_cat":[4403,4395,4406,4396,22],"product_tag":[],"class_list":{"0":"post-12116","1":"product","2":"type-product","3":"status-publish","4":"has-post-thumbnail","6":"product_cat-kodu","7":"product_cat-hekid","8":"product_cat-park","9":"product_cat-puud-ja-poosad","10":"product_cat-taimed","11":"pa_moodud-k-90-120-cm-l-80-100-cm","12":"pa_oie-varv-roosa","13":"pa_oitsemise-aeg-juuni-juuli","14":"pa_tsoon-3-7","15":"pa_variatsioon-poosas-h-40-60-cm","16":"pa_variatsioon-poosas-h-80-100-cm","18":"first","19":"outofstock","20":"taxable","21":"shipping-taxable","22":"purchasable","23":"product-type-variable"},"acf":[],"_links":{"self":[{"href":"https:\/\/dev.garden.ee\/en\/wp-json\/wp\/v2\/product\/12116","targetHints":{"allow":["GET"]}}],"collection":[{"href":"https:\/\/dev.garden.ee\/en\/wp-json\/wp\/v2\/product"}],"about":[{"href":"https:\/\/dev.garden.ee\/en\/wp-json\/wp\/v2\/types\/product"}],"wp:featuredmedia":[{"embeddable":true,"href":"https:\/\/dev.garden.ee\/en\/wp-json\/wp\/v2\/media\/12117"}],"wp:attachment":[{"href":"https:\/\/dev.garden.ee\/en\/wp-json\/wp\/v2\/media?parent=12116"}],"wp:term":[{"taxonomy":"product_brand","embeddable":true,"href":"https:\/\/dev.garden.ee\/en\/wp-json\/wp\/v2\/product_brand?post=12116"},{"taxonomy":"product_cat","embeddable":true,"href":"https:\/\/dev.garden.ee\/en\/wp-json\/wp\/v2\/product_cat?post=12116"},{"taxonomy":"product_tag","embeddable":true,"href":"https:\/\/dev.garden.ee\/en\/wp-json\/wp\/v2\/product_tag?post=12116"}],"curies":[{"name":"wp","href":"https:\/\/api.w.org\/{rel}","templated":true}]}}