{"id":12106,"date":"2023-01-18T18:46:01","date_gmt":"2023-01-18T16:46:01","guid":{"rendered":"https:\/\/dev.zezz.ee\/garden\/toode\/lilium-trendy-dakota-uus\/"},"modified":"2026-01-16T10:14:10","modified_gmt":"2026-01-16T08:14:10","slug":"lilium-trendy-dakota-uus","status":"publish","type":"product","link":"https:\/\/dev.garden.ee\/en\/product\/lilium-trendy-dakota-uus\/","title":{"rendered":"Lilium &#8216;Trendy Dakota&#8217;"},"content":{"rendered":"<input class=\"fooboxshare_post_id\" type=\"hidden\" value=\"12106\"\/>","protected":false},"excerpt":{"rendered":"<p>Rohkelt \u00f5itsev suurte tumedate, veinipunaste \u00f5itega k\u00e4\u00e4busliilia sort. Lehestik kaunis, l\u00e4ikivroheline.\u00a0Kasv piirdub ligi poole meetriga. Ideaalne konteineri- v\u00f5i potitaim.<\/p>","protected":false},"featured_media":12107,"template":"","meta":[],"product_brand":[],"product_cat":[4403,4415,4413,4401,4391,22],"product_tag":[9450,9417],"class_list":{"0":"post-12106","1":"product","2":"type-product","3":"status-publish","4":"has-post-thumbnail","6":"product_cat-kodu","7":"product_cat-lilleaed","8":"product_cat-loikelilleaed","9":"product_cat-pusikud","10":"product_cat-sibullilled","11":"product_cat-taimed","12":"product_tag-aasia-liilia","13":"product_tag-soodushind-50","14":"pa_haiguskindlus-vaga-hea","15":"pa_moodud-k-40-50-cm-l-30-cm","16":"pa_oie-varv-purpurne","17":"pa_oitsemise-aeg-juuni-august","18":"pa_talvekindlus-vaga-hea","19":"pa_variatsioon-sibul-ainult-kevadel","20":"pa_variatsioon-suurem-pott","22":"first","23":"instock","24":"sale","25":"taxable","26":"shipping-taxable","27":"purchasable","28":"product-type-variable"},"acf":[],"_links":{"self":[{"href":"https:\/\/dev.garden.ee\/en\/wp-json\/wp\/v2\/product\/12106","targetHints":{"allow":["GET"]}}],"collection":[{"href":"https:\/\/dev.garden.ee\/en\/wp-json\/wp\/v2\/product"}],"about":[{"href":"https:\/\/dev.garden.ee\/en\/wp-json\/wp\/v2\/types\/product"}],"wp:featuredmedia":[{"embeddable":true,"href":"https:\/\/dev.garden.ee\/en\/wp-json\/wp\/v2\/media\/12107"}],"wp:attachment":[{"href":"https:\/\/dev.garden.ee\/en\/wp-json\/wp\/v2\/media?parent=12106"}],"wp:term":[{"taxonomy":"product_brand","embeddable":true,"href":"https:\/\/dev.garden.ee\/en\/wp-json\/wp\/v2\/product_brand?post=12106"},{"taxonomy":"product_cat","embeddable":true,"href":"https:\/\/dev.garden.ee\/en\/wp-json\/wp\/v2\/product_cat?post=12106"},{"taxonomy":"product_tag","embeddable":true,"href":"https:\/\/dev.garden.ee\/en\/wp-json\/wp\/v2\/product_tag?post=12106"}],"curies":[{"name":"wp","href":"https:\/\/api.w.org\/{rel}","templated":true}]}}