{"id":12082,"date":"2023-01-18T18:45:50","date_gmt":"2023-01-18T16:45:50","guid":{"rendered":"https:\/\/dev.zezz.ee\/garden\/toode\/astilbe-professor-van-der-wielen-uus\/"},"modified":"2026-02-17T13:29:34","modified_gmt":"2026-02-17T11:29:34","slug":"astilbe-professor-van-der-wielen","status":"publish","type":"product","link":"https:\/\/dev.garden.ee\/en\/product\/astilbe-professor-van-der-wielen\/","title":{"rendered":"Astilbe thunbergii &#8216;Professor van der Wielen\u2019"},"content":{"rendered":"<input class=\"fooboxshare_post_id\" type=\"hidden\" value=\"12082\"\/>","protected":false},"excerpt":{"rendered":"<p>Astilbe thunbergii &#8216;Professor van der Wielen\u2019 on v\u00e4hen\u00f5udlik, hooldusvaba p\u00fcsik, mille n\u00e4gus lehestik kasvab umbes 50cm k\u00f5rguseks ning \u00f5itsemisperioodil r\u00f5\u00f5mustab meid kuni 120cm k\u00f5rgustel punakatel vartel paiknevate elegantselt kaardus sulgjate kreemikas-valgete \u00f5itega.<\/p>\n<p>Astilbed eelistavad kasvada pigem varjulises aiaosas, v\u00f5i siis hommikupoolse p\u00e4ikesega peenral, niiskes huumusrikkas mullas. Kuiva v\u00f5i liivase mulla puhul tuleks astilbet rohkelt kasta, kuna vastasel korral v\u00f5ib ta kasv k\u00e4ngu j\u00e4\u00e4da.<\/p>\n<p>\u2019Professor van der Wielen\u2019 aitab luua heledamaid n\u00fcansse varjuaedadesse, teda v\u00f5ib istutada nii \u00fcksikult kui ka r\u00fchmadena. \u00d5itseb juunist s\u00fcgiseni.<\/p>","protected":false},"featured_media":12083,"template":"","meta":[],"product_brand":[],"product_cat":[4406,4401,4409,4392,4412,22],"product_tag":[],"class_list":{"0":"post-12082","1":"product","2":"type-product","3":"status-publish","4":"has-post-thumbnail","6":"product_cat-park","7":"product_cat-pusikud","8":"product_cat-tiigiaed","9":"product_cat-tiigitaimed","10":"product_cat-varjuaed","11":"product_cat-taimed","12":"pa_kasvukorgus-100-120-cm","13":"pa_laius-50-cm","14":"pa_lisainfo-sobib-osalise-varjuga-kasvualale","15":"pa_oie-varv-valge","16":"pa_oitsemise-aeg-juuni-august","17":"pa_tingimused-huumusrikas","18":"pa_tingimused-niiske","19":"pa_valguse-tingimused-poolvari","20":"pa_valguse-tingimused-vari","21":"pa_variatsioon-suurem-pott","23":"first","24":"instock","25":"purchasable","26":"product-type-variable"},"acf":[],"_links":{"self":[{"href":"https:\/\/dev.garden.ee\/en\/wp-json\/wp\/v2\/product\/12082","targetHints":{"allow":["GET"]}}],"collection":[{"href":"https:\/\/dev.garden.ee\/en\/wp-json\/wp\/v2\/product"}],"about":[{"href":"https:\/\/dev.garden.ee\/en\/wp-json\/wp\/v2\/types\/product"}],"wp:featuredmedia":[{"embeddable":true,"href":"https:\/\/dev.garden.ee\/en\/wp-json\/wp\/v2\/media\/12083"}],"wp:attachment":[{"href":"https:\/\/dev.garden.ee\/en\/wp-json\/wp\/v2\/media?parent=12082"}],"wp:term":[{"taxonomy":"product_brand","embeddable":true,"href":"https:\/\/dev.garden.ee\/en\/wp-json\/wp\/v2\/product_brand?post=12082"},{"taxonomy":"product_cat","embeddable":true,"href":"https:\/\/dev.garden.ee\/en\/wp-json\/wp\/v2\/product_cat?post=12082"},{"taxonomy":"product_tag","embeddable":true,"href":"https:\/\/dev.garden.ee\/en\/wp-json\/wp\/v2\/product_tag?post=12082"}],"curies":[{"name":"wp","href":"https:\/\/api.w.org\/{rel}","templated":true}]}}