{"id":12059,"date":"2023-01-18T18:45:35","date_gmt":"2023-01-18T16:45:35","guid":{"rendered":"https:\/\/dev.zezz.ee\/garden\/toode\/lilium-yellow-cocotte-uus\/"},"modified":"2026-01-16T10:34:34","modified_gmt":"2026-01-16T08:34:34","slug":"lilium-yellow-cocotte-uus","status":"publish","type":"product","link":"https:\/\/dev.garden.ee\/en\/product\/lilium-yellow-cocotte-uus\/","title":{"rendered":"Lilium &#8216;Yellow Cocotte&#8217;"},"content":{"rendered":"<input class=\"fooboxshare_post_id\" type=\"hidden\" value=\"12059\"\/>","protected":false},"excerpt":{"rendered":"<p>Aasia h\u00fcbriidliilia. Erksav\u00e4rviliste kollaste \u00f5itega, kroonlehti \u00e4\u00e4ristamas peenike punakas-pruun rant. `Yellow Cocotte` on \u00f5ietolmu vaba sort, seet\u00f5ttu sobib erakordselt h\u00e4sti l\u00f5ikelilleks. Suured, trompetikujulised \u00f5ied on meeldiva ning mitte v\u00e4ga tugeva l\u00f5hnaga, \u00f5ite l\u00e4bim\u00f5\u00f5duks 15-20 cm.<\/p>\n<p>\u00d5itseb juulis.<\/p>","protected":false},"featured_media":12060,"template":"","meta":[],"product_brand":[],"product_cat":[4403,4415,4413,4401,4391,22],"product_tag":[9450,9417],"class_list":{"0":"post-12059","1":"product","2":"type-product","3":"status-publish","4":"has-post-thumbnail","6":"product_cat-kodu","7":"product_cat-lilleaed","8":"product_cat-loikelilleaed","9":"product_cat-pusikud","10":"product_cat-sibullilled","11":"product_cat-taimed","12":"product_tag-aasia-liilia","13":"product_tag-soodushind-50","14":"pa_lohn-lohnav","15":"pa_moodud-h-100-cm","16":"pa_oie-varv-kollane","17":"pa_oitsemise-aeg-juuli","18":"pa_variatsioon-sibul-ainult-kevadel","19":"pa_variatsioon-suurem-pott","21":"first","22":"instock","23":"sale","24":"taxable","25":"shipping-taxable","26":"purchasable","27":"product-type-variable"},"acf":[],"_links":{"self":[{"href":"https:\/\/dev.garden.ee\/en\/wp-json\/wp\/v2\/product\/12059","targetHints":{"allow":["GET"]}}],"collection":[{"href":"https:\/\/dev.garden.ee\/en\/wp-json\/wp\/v2\/product"}],"about":[{"href":"https:\/\/dev.garden.ee\/en\/wp-json\/wp\/v2\/types\/product"}],"wp:featuredmedia":[{"embeddable":true,"href":"https:\/\/dev.garden.ee\/en\/wp-json\/wp\/v2\/media\/12060"}],"wp:attachment":[{"href":"https:\/\/dev.garden.ee\/en\/wp-json\/wp\/v2\/media?parent=12059"}],"wp:term":[{"taxonomy":"product_brand","embeddable":true,"href":"https:\/\/dev.garden.ee\/en\/wp-json\/wp\/v2\/product_brand?post=12059"},{"taxonomy":"product_cat","embeddable":true,"href":"https:\/\/dev.garden.ee\/en\/wp-json\/wp\/v2\/product_cat?post=12059"},{"taxonomy":"product_tag","embeddable":true,"href":"https:\/\/dev.garden.ee\/en\/wp-json\/wp\/v2\/product_tag?post=12059"}],"curies":[{"name":"wp","href":"https:\/\/api.w.org\/{rel}","templated":true}]}}