{"id":11985,"date":"2023-01-18T18:44:45","date_gmt":"2023-01-18T16:44:45","guid":{"rendered":"https:\/\/dev.zezz.ee\/garden\/toode\/phalaris-arundinacea-feesey-uus\/"},"modified":"2026-03-05T18:54:00","modified_gmt":"2026-03-05T16:54:00","slug":"phalaris-arundinacea-feesey","status":"publish","type":"product","link":"https:\/\/dev.garden.ee\/en\/product\/phalaris-arundinacea-feesey\/","title":{"rendered":"Phalaris arundinacea &#8216;Feesey&#8217;"},"content":{"rendered":"<input class=\"fooboxshare_post_id\" type=\"hidden\" value=\"11985\"\/>","protected":false},"excerpt":{"rendered":"<p>Silmatorkav kirju lehestik. Lehed on rohelised laiade valgete v\u00f5i kreemikate triipudega. Jahedamate temperatuuride v\u00f5i hooaja edenedes v\u00f5ivad lehed omandada roosaka tooni, lisades taimedele veel \u00fche v\u00e4rvikihi.<\/p>\n<p>Hiliskevadel kuni varasuvel toodab &#8216;Feesey&#8217; \u00f5rnu, udusuliseid \u00f5isikuid, mis t\u00f5usevad lehestiku kohale.\u00a0\u00d5ied on tavaliselt kahvatrohelised v\u00f5i roosaka varjundiga, muutudes k\u00fcpsedes pehmeks tan-pruuniks. Kuigi need pole eriti silmatorkavad, lisavad nad taimele pehmet tekstuuri.<\/p>\n<p>See k\u00f5rreline moodustab tihedaid puhmikuid ja levib risoomide abil, mis t\u00e4hendab, et kui seda korralikult ei hallata, v\u00f5ib see m\u00f5nev\u00f5rra agressiivselt levida. Seda sobib k\u00f5ige paremini kasutada suurtes aedades v\u00f5i loodusl\u00e4hedastes istutustes, kus see v\u00f5ib vabalt levida.<\/p>","protected":false},"featured_media":11986,"template":"","meta":[],"product_brand":[],"product_cat":[4400,4401,22],"product_tag":[],"class_list":{"0":"post-11985","1":"product","2":"type-product","3":"status-publish","4":"has-post-thumbnail","6":"product_cat-korrelised","7":"product_cat-pusikud","8":"product_cat-taimed","9":"pa_kasvukorgus-60-90-cm","10":"pa_lehestikuvarv-mitmevarviline","11":"pa_lisainfo-dekoratiivne-lehestik","12":"pa_lisainfo-pilgupuudja","13":"pa_oitsemise-aeg-juuni-juuli","14":"pa_talvekindlus-vaga-hea","15":"pa_tingimused-hea-drenaaz","16":"pa_tingimused-viljakas","17":"pa_tsoon-3-9","18":"pa_valguse-tingimused-paike","19":"pa_valguse-tingimused-poolvari","20":"pa_variatsioon-suurem-pott","22":"first","23":"instock","24":"purchasable","25":"product-type-variable"},"acf":[],"_links":{"self":[{"href":"https:\/\/dev.garden.ee\/en\/wp-json\/wp\/v2\/product\/11985","targetHints":{"allow":["GET"]}}],"collection":[{"href":"https:\/\/dev.garden.ee\/en\/wp-json\/wp\/v2\/product"}],"about":[{"href":"https:\/\/dev.garden.ee\/en\/wp-json\/wp\/v2\/types\/product"}],"wp:featuredmedia":[{"embeddable":true,"href":"https:\/\/dev.garden.ee\/en\/wp-json\/wp\/v2\/media\/11986"}],"wp:attachment":[{"href":"https:\/\/dev.garden.ee\/en\/wp-json\/wp\/v2\/media?parent=11985"}],"wp:term":[{"taxonomy":"product_brand","embeddable":true,"href":"https:\/\/dev.garden.ee\/en\/wp-json\/wp\/v2\/product_brand?post=11985"},{"taxonomy":"product_cat","embeddable":true,"href":"https:\/\/dev.garden.ee\/en\/wp-json\/wp\/v2\/product_cat?post=11985"},{"taxonomy":"product_tag","embeddable":true,"href":"https:\/\/dev.garden.ee\/en\/wp-json\/wp\/v2\/product_tag?post=11985"}],"curies":[{"name":"wp","href":"https:\/\/api.w.org\/{rel}","templated":true}]}}