{"id":11982,"date":"2023-01-18T18:44:43","date_gmt":"2023-01-18T16:44:43","guid":{"rendered":"https:\/\/dev.zezz.ee\/garden\/toode\/lavandula-intermedia-edelweiss-uus\/"},"modified":"2026-03-01T14:53:45","modified_gmt":"2026-03-01T12:53:45","slug":"lavandula-intermedia-edelweiss","status":"publish","type":"product","link":"https:\/\/dev.garden.ee\/en\/product\/lavandula-intermedia-edelweiss\/","title":{"rendered":"Lavandula x intermedia &#8216;Edelweiss&#8217;"},"content":{"rendered":"<input class=\"fooboxshare_post_id\" type=\"hidden\" value=\"11982\"\/>","protected":false},"excerpt":{"rendered":"<p>Lavendlile omaste hallikas rohelise ja aromaatse lehestikuga valge \u00f5ieline sort.\u00a0Sobib h\u00e4sti peenra \u00e4\u00e4ristaimeks, k\u00f5nniteede \u00e4\u00e4rde, \u00fcrdiaeda, kohtadesse kus on vaja peletada aiakahjureid.<\/p>\n<p>Parema talvitumise ja harunemise jaoks k\u00e4rbi ladvaotsi varakevadel.<\/p>","protected":false},"featured_media":11983,"template":"","meta":[],"product_brand":[],"product_cat":[4415,4414,4413,6934,4401,4410,22],"product_tag":[],"class_list":{"0":"post-11982","1":"product","2":"type-product","3":"status-publish","4":"has-post-thumbnail","6":"product_cat-lilleaed","7":"product_cat-lohnaaed","8":"product_cat-loikelilleaed","9":"product_cat-mesilassobralik-aed","10":"product_cat-pusikud","11":"product_cat-tarbeaed","12":"product_cat-taimed","13":"pa_haiguskindlus-vaga-hea","14":"pa_kasvukorgus-50-80-cm","15":"pa_laius-50-80-cm","16":"pa_lehestikuvarv-hallikasroheline","17":"pa_lisainfo-mesilaste-lemmik","18":"pa_lisainfo-pilgupuudja","19":"pa_lisainfo-sobib-lohnaaeda","20":"pa_lisainfo-talub-pouda","21":"pa_lohn-tugev","22":"pa_oie-varv-valge","23":"pa_oitsemise-aeg-juuni-juuli","24":"pa_talvekindlus-hea","25":"pa_tingimused-hea-drenaaz","26":"pa_valguse-tingimused-paike","27":"pa_variatsioon-suurem-pott","28":"pa_variatsioon-vaiksem-pott","30":"first","31":"instock","32":"purchasable","33":"product-type-variable"},"acf":[],"_links":{"self":[{"href":"https:\/\/dev.garden.ee\/en\/wp-json\/wp\/v2\/product\/11982","targetHints":{"allow":["GET"]}}],"collection":[{"href":"https:\/\/dev.garden.ee\/en\/wp-json\/wp\/v2\/product"}],"about":[{"href":"https:\/\/dev.garden.ee\/en\/wp-json\/wp\/v2\/types\/product"}],"wp:featuredmedia":[{"embeddable":true,"href":"https:\/\/dev.garden.ee\/en\/wp-json\/wp\/v2\/media\/11983"}],"wp:attachment":[{"href":"https:\/\/dev.garden.ee\/en\/wp-json\/wp\/v2\/media?parent=11982"}],"wp:term":[{"taxonomy":"product_brand","embeddable":true,"href":"https:\/\/dev.garden.ee\/en\/wp-json\/wp\/v2\/product_brand?post=11982"},{"taxonomy":"product_cat","embeddable":true,"href":"https:\/\/dev.garden.ee\/en\/wp-json\/wp\/v2\/product_cat?post=11982"},{"taxonomy":"product_tag","embeddable":true,"href":"https:\/\/dev.garden.ee\/en\/wp-json\/wp\/v2\/product_tag?post=11982"}],"curies":[{"name":"wp","href":"https:\/\/api.w.org\/{rel}","templated":true}]}}