{"id":11973,"date":"2023-01-18T18:44:38","date_gmt":"2023-01-18T16:44:38","guid":{"rendered":"https:\/\/dev.zezz.ee\/garden\/toode\/geranium-phaeum-samobor-uus\/"},"modified":"2026-02-24T12:33:37","modified_gmt":"2026-02-24T10:33:37","slug":"geranium-phaeum-samobor","status":"publish","type":"product","link":"https:\/\/dev.garden.ee\/en\/product\/geranium-phaeum-samobor\/","title":{"rendered":"Geranium phaeum &#8216;Samobor&#8217;"},"content":{"rendered":"<input class=\"fooboxshare_post_id\" type=\"hidden\" value=\"11973\"\/>","protected":false},"excerpt":{"rendered":"<p>Tugev ja vastupidav Geranium on p\u00fcstise kasvuga p\u00fcsik oma suurep\u00e4rase iluga. Loob kergelt painutatud valge s\u00fcdamikuga kastanipunased \u00f5ielehed ja \u00f5itseb hiliskevadest varasuveni. \u00d5ied \u00f5\u00f5tsuvad\u00a0 elegantselt lehtedest \u00fclevalpool, pehmeid rohelisi lehti kaunistab shokolaadipruun sisu. Kasvab hea meelega aia varjulises alas, annabki oma parima etteaste just pigem poolvarjus. Istuta ta sinna, kus ka tema efektsed lehed silma paistavad. Ideelane \u00e4\u00e4ristaim aga ka rooside ja p\u00fcsikute keskele.<\/p>\n<p>Oma kasvult on ta p\u00e4ris k\u00f5rge, seega v\u00f5ib vajada \u00e4\u00e4rtest kerget toestust, et ei lamanduks. Eemalda \u00e4ra\u00f5itsenud \u00f5ied ja vanad lehed et soodustada uute tekkimist. Jagamine tee kevadel ning tagasil\u00f5ikus samuti.<\/p>","protected":false},"featured_media":11974,"template":"","meta":[],"product_brand":[],"product_cat":[4415,9200,4401,22],"product_tag":[],"class_list":{"0":"post-11973","1":"product","2":"type-product","3":"status-publish","4":"has-post-thumbnail","6":"product_cat-lilleaed","7":"product_cat-pinnakatjad","8":"product_cat-pusikud","9":"product_cat-taimed","10":"pa_lisainfo-mesilaste-lemmik","11":"pa_lisainfo-sobib-osalise-varjuga-kasvualale","12":"pa_lisainfo-talub-kuiva-varjulisemat-kasvukohta","13":"pa_lohn-lohnatu","14":"pa_moodud-k-60-90-cm-l-60-90-cm","15":"pa_oie-varv-purpurne","16":"pa_oitsemise-aeg-mai-juuni","17":"pa_talvekindlus-vaga-hea","18":"pa_tsoon-4-9","19":"pa_variatsioon-suurem-pott","20":"pa_variatsioon-vaiksem-pott","22":"first","23":"instock","24":"purchasable","25":"product-type-variable"},"acf":[],"_links":{"self":[{"href":"https:\/\/dev.garden.ee\/en\/wp-json\/wp\/v2\/product\/11973","targetHints":{"allow":["GET"]}}],"collection":[{"href":"https:\/\/dev.garden.ee\/en\/wp-json\/wp\/v2\/product"}],"about":[{"href":"https:\/\/dev.garden.ee\/en\/wp-json\/wp\/v2\/types\/product"}],"wp:featuredmedia":[{"embeddable":true,"href":"https:\/\/dev.garden.ee\/en\/wp-json\/wp\/v2\/media\/11974"}],"wp:attachment":[{"href":"https:\/\/dev.garden.ee\/en\/wp-json\/wp\/v2\/media?parent=11973"}],"wp:term":[{"taxonomy":"product_brand","embeddable":true,"href":"https:\/\/dev.garden.ee\/en\/wp-json\/wp\/v2\/product_brand?post=11973"},{"taxonomy":"product_cat","embeddable":true,"href":"https:\/\/dev.garden.ee\/en\/wp-json\/wp\/v2\/product_cat?post=11973"},{"taxonomy":"product_tag","embeddable":true,"href":"https:\/\/dev.garden.ee\/en\/wp-json\/wp\/v2\/product_tag?post=11973"}],"curies":[{"name":"wp","href":"https:\/\/api.w.org\/{rel}","templated":true}]}}