{"id":11940,"date":"2023-01-18T18:44:18","date_gmt":"2023-01-18T16:44:18","guid":{"rendered":"https:\/\/dev.zezz.ee\/garden\/toode\/crimson-siluetta-uus\/"},"modified":"2026-02-02T18:08:19","modified_gmt":"2026-02-02T16:08:19","slug":"crimson-siluetta","status":"publish","type":"product","link":"https:\/\/dev.garden.ee\/en\/product\/crimson-siluetta\/","title":{"rendered":"Crimson Siluetta\u00ae"},"content":{"rendered":"<input class=\"fooboxshare_post_id\" type=\"hidden\" value=\"11940\"\/>","protected":false},"excerpt":{"rendered":"<p>Hooaja jooksul korduvalt \u00f5itsev ramblert\u00fc\u00fcpi roniroos, millel v\u00e4iksed (3-4 cm) \u00f5ied suuremate kobaratena. Painduvate v\u00f5rsetega sort katab kenasti erinevaid tugesid, sobides ka v\u00e4iksemasse aeda. Esimene \u00f5itsemine potis juba m\u00f5\u00f5duka k\u00f5rguse juures teeb selle sordi ideaalseks konteineris kasvatamiseks.<\/p>","protected":false},"featured_media":11941,"template":"","meta":[],"product_brand":[],"product_cat":[9637,4397,4416,4402,4408,22],"product_tag":[],"class_list":{"0":"post-11940","1":"product","2":"type-product","3":"status-publish","4":"has-post-thumbnail","6":"product_cat-istutuskast","7":"product_cat-ronitaimed","8":"product_cat-roosiaed","9":"product_cat-roosid","10":"product_cat-vaike-aed","11":"product_cat-taimed","12":"pa_aretus-w-kordes-sohne","13":"pa_avalikustamisaasta-2149","14":"pa_haiguskindlus-hea","15":"pa_kasvukorgus-180-cm","16":"pa_kollektsioon-siluetta","17":"pa_laius-70-cm","18":"pa_lisainfo-sobilik-istutuskasti-jaoks","19":"pa_lisainfo-sobib-osalise-varjuga-kasvualale","20":"pa_lohn-orn","21":"pa_oie-suurus-vaike","22":"pa_oie-varv-punane","23":"pa_oietuup-taidisois","24":"pa_oitsemine-korduvalt-oitsev","25":"pa_sort-roniroos","26":"pa_taimede-arvestus-ruutmeetri-9220","27":"pa_talvekindlus-vaga-hea","28":"pa_variatsioon-potis-2l-kevadel","29":"pa_variatsioon-potis-4-6l","31":"first","32":"instock","33":"taxable","34":"shipping-taxable","35":"purchasable","36":"product-type-variable"},"acf":[],"_links":{"self":[{"href":"https:\/\/dev.garden.ee\/en\/wp-json\/wp\/v2\/product\/11940","targetHints":{"allow":["GET"]}}],"collection":[{"href":"https:\/\/dev.garden.ee\/en\/wp-json\/wp\/v2\/product"}],"about":[{"href":"https:\/\/dev.garden.ee\/en\/wp-json\/wp\/v2\/types\/product"}],"wp:featuredmedia":[{"embeddable":true,"href":"https:\/\/dev.garden.ee\/en\/wp-json\/wp\/v2\/media\/11941"}],"wp:attachment":[{"href":"https:\/\/dev.garden.ee\/en\/wp-json\/wp\/v2\/media?parent=11940"}],"wp:term":[{"taxonomy":"product_brand","embeddable":true,"href":"https:\/\/dev.garden.ee\/en\/wp-json\/wp\/v2\/product_brand?post=11940"},{"taxonomy":"product_cat","embeddable":true,"href":"https:\/\/dev.garden.ee\/en\/wp-json\/wp\/v2\/product_cat?post=11940"},{"taxonomy":"product_tag","embeddable":true,"href":"https:\/\/dev.garden.ee\/en\/wp-json\/wp\/v2\/product_tag?post=11940"}],"curies":[{"name":"wp","href":"https:\/\/api.w.org\/{rel}","templated":true}]}}