{"id":11935,"date":"2023-01-18T18:44:16","date_gmt":"2023-01-18T16:44:16","guid":{"rendered":"https:\/\/dev.zezz.ee\/garden\/toode\/bright-smiles-uus\/"},"modified":"2026-02-01T15:43:20","modified_gmt":"2026-02-01T13:43:20","slug":"bright-smiles","status":"publish","type":"product","link":"https:\/\/dev.garden.ee\/en\/product\/bright-smiles\/","title":{"rendered":"Bright Smiles\u00ae"},"content":{"rendered":"<input class=\"fooboxshare_post_id\" type=\"hidden\" value=\"11935\"\/>","protected":false},"excerpt":{"rendered":"<p>Puhma moodustav p\u00fcstise kasvuga sordil on poolt\u00e4idis\u00f5ied, mis paiknevad v\u00e4iksemate kobaratena. Kaunis ning hea tervisega lehestik. \u00d5ie kroonlehtedel k\u00e4ib v\u00e4rvikas v\u00e4rvidem\u00e4ng, kus algselt kollane muutub \u00e4\u00e4rtest alates ajapikku \u00fcha roosamaks. Suurep\u00e4rase ilmastikukindlusega \u00f5ied peavad vastu l\u00f5\u00f5mavale kuumusele ning tugevale p\u00e4ikesele. Sobib suurep\u00e4raselt potti.<\/p>\n<p><span style=\"color: #ff0000;\">ETTETELLIMINE, V\u00c4LJASTAMINE APRILLI TEISEST POOLEST<\/span><\/p>","protected":false},"featured_media":11936,"template":"","meta":[],"product_brand":[],"product_cat":[4415,4416,4402,22],"product_tag":[],"class_list":{"0":"post-11935","1":"product","2":"type-product","3":"status-publish","4":"has-post-thumbnail","6":"product_cat-lilleaed","7":"product_cat-roosiaed","8":"product_cat-roosid","9":"product_cat-taimed","10":"pa_aretus-w-kordes-sohne","11":"pa_avalikustamisaasta-saksamaa-2021","12":"pa_haiguskindlus-vaga-hea","13":"pa_kasvukorgus-9635","14":"pa_laius-50-cm","15":"pa_lisainfo-sobilik-istutuskasti-jaoks","16":"pa_lohn-orn","17":"pa_oie-suurus-keskmine","18":"pa_oie-varv-kollane","19":"pa_oie-varv-roosa","20":"pa_oietuup-pooltaidisois","21":"pa_oitsemine-korduvalt-oitsev","22":"pa_sort-floribund-ehk-paljuoieline-roos","23":"pa_talvekindlus-vaga-hea","24":"pa_variatsioon-potis-2l-kevadel","25":"pa_variatsioon-potis-4-6l","27":"first","28":"onbackorder","29":"purchasable","30":"product-type-variable"},"acf":[],"_links":{"self":[{"href":"https:\/\/dev.garden.ee\/en\/wp-json\/wp\/v2\/product\/11935","targetHints":{"allow":["GET"]}}],"collection":[{"href":"https:\/\/dev.garden.ee\/en\/wp-json\/wp\/v2\/product"}],"about":[{"href":"https:\/\/dev.garden.ee\/en\/wp-json\/wp\/v2\/types\/product"}],"wp:featuredmedia":[{"embeddable":true,"href":"https:\/\/dev.garden.ee\/en\/wp-json\/wp\/v2\/media\/11936"}],"wp:attachment":[{"href":"https:\/\/dev.garden.ee\/en\/wp-json\/wp\/v2\/media?parent=11935"}],"wp:term":[{"taxonomy":"product_brand","embeddable":true,"href":"https:\/\/dev.garden.ee\/en\/wp-json\/wp\/v2\/product_brand?post=11935"},{"taxonomy":"product_cat","embeddable":true,"href":"https:\/\/dev.garden.ee\/en\/wp-json\/wp\/v2\/product_cat?post=11935"},{"taxonomy":"product_tag","embeddable":true,"href":"https:\/\/dev.garden.ee\/en\/wp-json\/wp\/v2\/product_tag?post=11935"}],"curies":[{"name":"wp","href":"https:\/\/api.w.org\/{rel}","templated":true}]}}