{"id":11931,"date":"2023-01-18T18:44:14","date_gmt":"2023-01-18T16:44:14","guid":{"rendered":"https:\/\/dev.zezz.ee\/garden\/toode\/berlingot-uus\/"},"modified":"2026-02-01T18:26:28","modified_gmt":"2026-02-01T16:26:28","slug":"berlingot-uus","status":"publish","type":"product","link":"https:\/\/dev.garden.ee\/en\/product\/berlingot-uus\/","title":{"rendered":"Berlingot"},"content":{"rendered":"<input class=\"fooboxshare_post_id\" type=\"hidden\" value=\"11931\"\/>","protected":false},"excerpt":{"rendered":"<p>Kaunid valged \u00f5ied on ilusa heleroosa triibutusega. Suurtest, t\u00e4idetud \u00f5itest eraldub tugev vaarika l\u00f5hn. Kaunid \u00f5ied pakuvad r\u00f5\u00f5mu terve hooaja jooksul.<\/p>","protected":false},"featured_media":11932,"template":"","meta":[],"product_brand":[],"product_cat":[4416,4402,22],"product_tag":[9417],"class_list":{"0":"post-11931","1":"product","2":"type-product","3":"status-publish","4":"has-post-thumbnail","6":"product_cat-roosiaed","7":"product_cat-roosid","8":"product_cat-taimed","9":"product_tag-soodushind-50","10":"pa_aretus-francois-dorieux-ii","11":"pa_avalikustamisaasta-2149","12":"pa_haiguskindlus-vaga-hea","13":"pa_kasvukorgus-70-90-cm","14":"pa_laius-50-cm","15":"pa_lohn-tugev","16":"pa_oie-suurus-suur","17":"pa_oie-varv-valge","18":"pa_oietuup-pooltaidisois","19":"pa_oitsemine-korduvalt-oitsev","20":"pa_sort-floribund-ehk-paljuoieline-roos","21":"pa_talvekindlus-vaga-hea","22":"pa_variatsioon-potis-4-6l-soodushind-50","24":"first","25":"instock","26":"sale","27":"purchasable","28":"product-type-variable"},"acf":[],"_links":{"self":[{"href":"https:\/\/dev.garden.ee\/en\/wp-json\/wp\/v2\/product\/11931","targetHints":{"allow":["GET"]}}],"collection":[{"href":"https:\/\/dev.garden.ee\/en\/wp-json\/wp\/v2\/product"}],"about":[{"href":"https:\/\/dev.garden.ee\/en\/wp-json\/wp\/v2\/types\/product"}],"wp:featuredmedia":[{"embeddable":true,"href":"https:\/\/dev.garden.ee\/en\/wp-json\/wp\/v2\/media\/11932"}],"wp:attachment":[{"href":"https:\/\/dev.garden.ee\/en\/wp-json\/wp\/v2\/media?parent=11931"}],"wp:term":[{"taxonomy":"product_brand","embeddable":true,"href":"https:\/\/dev.garden.ee\/en\/wp-json\/wp\/v2\/product_brand?post=11931"},{"taxonomy":"product_cat","embeddable":true,"href":"https:\/\/dev.garden.ee\/en\/wp-json\/wp\/v2\/product_cat?post=11931"},{"taxonomy":"product_tag","embeddable":true,"href":"https:\/\/dev.garden.ee\/en\/wp-json\/wp\/v2\/product_tag?post=11931"}],"curies":[{"name":"wp","href":"https:\/\/api.w.org\/{rel}","templated":true}]}}