{"id":11927,"date":"2023-01-18T18:44:11","date_gmt":"2023-01-18T16:44:11","guid":{"rendered":"https:\/\/dev.zezz.ee\/garden\/toode\/better-times-uudis\/"},"modified":"2026-01-31T02:40:45","modified_gmt":"2026-01-31T00:40:45","slug":"better-times","status":"publish","type":"product","link":"https:\/\/dev.garden.ee\/en\/product\/better-times\/","title":{"rendered":"Better Times\u00ae"},"content":{"rendered":"<input class=\"fooboxshare_post_id\" type=\"hidden\" value=\"11927\"\/>","protected":false},"excerpt":{"rendered":"<p>J\u00f5ulise ning p\u00fcstise kasvuga sordil on elegantsed \u00f5ied, mis paiknevad v\u00e4iksemate kobaratena. V\u00e4ga hea tervisega lehestik. Suured, t\u00e4idis\u00f5ied pakuvad suurep\u00e4rast v\u00e4rvidem\u00e4ngu, kus pehme kollane, ereoran\u017e ja roosa omavahel kombineerumas. Ideaalne l\u00f5ikelillena vaasi.<\/p>\n<p>Auhinnatud sort \u2013 p\u00e4lvinud preemiaid rahvusvahelistel roosiv\u00f5istlustel.<\/p>","protected":false},"featured_media":11928,"template":"","meta":[],"product_brand":[],"product_cat":[4413,4416,4402,22],"product_tag":[],"class_list":{"0":"post-11927","1":"product","2":"type-product","3":"status-publish","4":"has-post-thumbnail","6":"product_cat-loikelilleaed","7":"product_cat-roosiaed","8":"product_cat-roosid","9":"product_cat-taimed","10":"pa_aretus-w-kordes-sohne","11":"pa_avalikustamisaasta-2521","12":"pa_haiguskindlus-vaga-hea","13":"pa_kasvukorgus-90-110-cm","14":"pa_laius-40-cm","15":"pa_lisainfo-sobib-loikelilleks","16":"pa_lohn-orn","17":"pa_oie-suurus-suur","18":"pa_oie-varv-kollane","19":"pa_oie-varv-mitmevarviline","20":"pa_oie-varv-oranz","21":"pa_oie-varv-roosa","22":"pa_oietuup-taidisois","23":"pa_oitsemine-korduvalt-oitsev","24":"pa_sort-teehubriidroos","25":"pa_taimede-arvestus-ruutmeetri-4-5","26":"pa_talvekindlus-vaga-hea","27":"pa_variatsioon-potis-2l-kevadel","28":"pa_variatsioon-potis-4-6l","29":"pa_variatsioon-potis-4-6l-suvel-ja-sugisel","31":"first","32":"instock","33":"purchasable","34":"product-type-variable"},"acf":[],"_links":{"self":[{"href":"https:\/\/dev.garden.ee\/en\/wp-json\/wp\/v2\/product\/11927","targetHints":{"allow":["GET"]}}],"collection":[{"href":"https:\/\/dev.garden.ee\/en\/wp-json\/wp\/v2\/product"}],"about":[{"href":"https:\/\/dev.garden.ee\/en\/wp-json\/wp\/v2\/types\/product"}],"wp:featuredmedia":[{"embeddable":true,"href":"https:\/\/dev.garden.ee\/en\/wp-json\/wp\/v2\/media\/11928"}],"wp:attachment":[{"href":"https:\/\/dev.garden.ee\/en\/wp-json\/wp\/v2\/media?parent=11927"}],"wp:term":[{"taxonomy":"product_brand","embeddable":true,"href":"https:\/\/dev.garden.ee\/en\/wp-json\/wp\/v2\/product_brand?post=11927"},{"taxonomy":"product_cat","embeddable":true,"href":"https:\/\/dev.garden.ee\/en\/wp-json\/wp\/v2\/product_cat?post=11927"},{"taxonomy":"product_tag","embeddable":true,"href":"https:\/\/dev.garden.ee\/en\/wp-json\/wp\/v2\/product_tag?post=11927"}],"curies":[{"name":"wp","href":"https:\/\/api.w.org\/{rel}","templated":true}]}}